{"id":15,"date":"2015-01-27T16:44:29","date_gmt":"2015-01-27T14:44:29","guid":{"rendered":"http:\/\/www.gabrielaholcer.com\/?page_id=15"},"modified":"2026-02-13T14:27:34","modified_gmt":"2026-02-13T12:27:34","slug":"design","status":"publish","type":"page","link":"https:\/\/gabrielaholcer.com\/sk\/design\/","title":{"rendered":"Dizajn"},"content":{"rendered":"\t\t<div data-elementor-type=\"wp-page\" data-elementor-id=\"15\" class=\"elementor elementor-15\" data-elementor-post-type=\"page\">\n\t\t\t\t<div class=\"elementor-element elementor-element-ac833b2 e-flex e-con-boxed e-con e-parent\" data-id=\"ac833b2\" data-element_type=\"container\" data-e-type=\"container\">\n\t\t\t\t\t<div class=\"e-con-inner\">\n\t\t\t\t<div class=\"elementor-element elementor-element-c7af0a0 elementor-widget elementor-widget-heading\" data-id=\"c7af0a0\" data-element_type=\"widget\" data-e-type=\"widget\" data-widget_type=\"heading.default\">\n\t\t\t\t<div class=\"elementor-widget-container\">\n\t\t\t\t\t<h1 class=\"elementor-heading-title elementor-size-default\">Dizajn<\/h1>\t\t\t\t<\/div>\n\t\t\t\t<\/div>\n\t\t\t\t<div class=\"elementor-element elementor-element-97edc92 elementor-widget elementor-widget-text-editor\" data-id=\"97edc92\" data-element_type=\"widget\" data-e-type=\"widget\" data-widget_type=\"text-editor.default\">\n\t\t\t\t<div class=\"elementor-widget-container\">\n\t\t\t\t\t\t\t\t\t<p>Vizu\u00e1lne identity. Autorsk\u00fd dizajn.<\/p>\t\t\t\t\t\t\t\t<\/div>\n\t\t\t\t<\/div>\n\t\t\t\t<div class=\"elementor-element elementor-element-b2ff01b elementor-widget elementor-widget-text-editor\" data-id=\"b2ff01b\" data-element_type=\"widget\" data-e-type=\"widget\" data-widget_type=\"text-editor.default\">\n\t\t\t\t<div class=\"elementor-widget-container\">\n\t\t\t\t\t\t\t\t\t<p data-path-to-node=\"5\">Moja tvorba sa zameriava na tvorbu origin\u00e1lnych logotypov a komplexn\u00fdch vizu\u00e1lnych ident\u00edt, ktor\u00e9 vystupuj\u00fa z davu. Ka\u017ed\u00fd n\u00e1vrh vn\u00edmam ako autorsk\u00e9 dielo, kde sp\u00e1jam grafick\u00fd dizajn s citom pre detail a estetiku.<\/p><ul data-path-to-node=\"6\"><li><p data-path-to-node=\"6,0,0\"><b data-path-to-node=\"6,0,0\" data-index-in-node=\"0\">Logotypy &amp; symboly:<\/b> Tvorba jedine\u010dnej zna\u010dky od prv\u00e9ho \u0165ahu.<\/p><\/li><li><p data-path-to-node=\"6,1,0\"><b data-path-to-node=\"6,1,0\" data-index-in-node=\"0\">Vizu\u00e1lna identita:<\/b> Kompletn\u00fd grafick\u00fd manu\u00e1l \u2013 od farieb a\u017e po typografiu.<\/p><\/li><li><p data-path-to-node=\"6,2,0\"><b data-path-to-node=\"6,2,0\" data-index-in-node=\"0\">Korpor\u00e1tna identita:<\/b> Jednotn\u00fd \u0161t\u00fdl, ktor\u00fd odzrkad\u013euje hodnoty va\u0161ej firmy.<\/p><\/li><\/ul>\t\t\t\t\t\t\t\t<\/div>\n\t\t\t\t<\/div>\n\t\t\t\t<div class=\"elementor-element elementor-element-da2f337 elementor-align-center elementor-widget elementor-widget-button\" data-id=\"da2f337\" data-element_type=\"widget\" data-e-type=\"widget\" data-widget_type=\"button.default\">\n\t\t\t\t<div class=\"elementor-widget-container\">\n\t\t\t\t\t\t\t\t\t<div class=\"elementor-button-wrapper\">\n\t\t\t\t\t<a class=\"elementor-button elementor-button-link elementor-size-sm\" href=\"#contactform\">\n\t\t\t\t\t\t<span class=\"elementor-button-content-wrapper\">\n\t\t\t\t\t\t\t\t\t<span class=\"elementor-button-text\">Kontakt<\/span>\n\t\t\t\t\t<\/span>\n\t\t\t\t\t<\/a>\n\t\t\t\t<\/div>\n\t\t\t\t\t\t\t\t<\/div>\n\t\t\t\t<\/div>\n\t\t\t\t\t<\/div>\n\t\t\t\t<\/div>\n\t\t<div class=\"elementor-element elementor-element-f921a22 e-flex e-con-boxed e-con e-parent\" data-id=\"f921a22\" data-element_type=\"container\" data-e-type=\"container\">\n\t\t\t\t\t<div class=\"e-con-inner\">\n\t\t\t\t<div class=\"elementor-element elementor-element-eb45488 elementor-widget elementor-widget-gallery\" data-id=\"eb45488\" data-element_type=\"widget\" data-e-type=\"widget\" data-settings=\"{&quot;gallery_layout&quot;:&quot;masonry&quot;,&quot;columns&quot;:2,&quot;gap&quot;:{&quot;unit&quot;:&quot;px&quot;,&quot;size&quot;:20,&quot;sizes&quot;:[]},&quot;lazyload&quot;:&quot;yes&quot;,&quot;columns_tablet&quot;:2,&quot;columns_mobile&quot;:1,&quot;gap_tablet&quot;:{&quot;unit&quot;:&quot;px&quot;,&quot;size&quot;:10,&quot;sizes&quot;:[]},&quot;gap_mobile&quot;:{&quot;unit&quot;:&quot;px&quot;,&quot;size&quot;:10,&quot;sizes&quot;:[]},&quot;link_to&quot;:&quot;file&quot;,&quot;overlay_background&quot;:&quot;yes&quot;,&quot;content_hover_animation&quot;:&quot;fade-in&quot;}\" data-widget_type=\"gallery.default\">\n\t\t\t\t<div class=\"elementor-widget-container\">\n\t\t\t\t\t\t\t<div class=\"elementor-gallery__container\">\n\t\t\t\t\t\t\t<a class=\"e-gallery-item elementor-gallery-item elementor-animated-content\" href=\"https:\/\/gabrielaholcer.com\/wp-content\/uploads\/2024\/12\/logotypes-gabriela-holcer.jpeg\" data-elementor-open-lightbox=\"yes\" data-elementor-lightbox-slideshow=\"eb45488\" data-elementor-lightbox-title=\"logotypes - gabriela holcer\" data-e-action-hash=\"#elementor-action%3Aaction%3Dlightbox%26settings%3DeyJpZCI6NjYxNywidXJsIjoiaHR0cHM6XC9cL2dhYnJpZWxhaG9sY2VyLmNvbVwvd3AtY29udGVudFwvdXBsb2Fkc1wvMjAyNFwvMTJcL2xvZ290eXBlcy1nYWJyaWVsYS1ob2xjZXIuanBlZyIsInNsaWRlc2hvdyI6ImViNDU0ODgifQ%3D%3D\">\n\t\t\t\t\t<div class=\"e-gallery-image elementor-gallery-item__image\" data-thumbnail=\"https:\/\/gabrielaholcer.com\/wp-content\/uploads\/2024\/12\/logotypes-gabriela-holcer-724x1024.jpeg\" data-width=\"724\" data-height=\"1024\" aria-label=\"\" role=\"img\" ><\/div>\n\t\t\t\t\t\t\t\t\t\t\t<div class=\"elementor-gallery-item__overlay\"><\/div>\n\t\t\t\t\t\t\t\t\t\t\t\t\t\t<\/a>\n\t\t\t\t\t\t\t<a class=\"e-gallery-item elementor-gallery-item elementor-animated-content\" href=\"https:\/\/gabrielaholcer.com\/wp-content\/uploads\/2024\/12\/logotypes2-gabriela-holcer.jpeg\" data-elementor-open-lightbox=\"yes\" data-elementor-lightbox-slideshow=\"eb45488\" data-elementor-lightbox-title=\"logotypes2 - gabriela holcer\" data-e-action-hash=\"#elementor-action%3Aaction%3Dlightbox%26settings%3DeyJpZCI6NjYxNSwidXJsIjoiaHR0cHM6XC9cL2dhYnJpZWxhaG9sY2VyLmNvbVwvd3AtY29udGVudFwvdXBsb2Fkc1wvMjAyNFwvMTJcL2xvZ290eXBlczItZ2FicmllbGEtaG9sY2VyLmpwZWciLCJzbGlkZXNob3ciOiJlYjQ1NDg4In0%3D\">\n\t\t\t\t\t<div class=\"e-gallery-image elementor-gallery-item__image\" data-thumbnail=\"https:\/\/gabrielaholcer.com\/wp-content\/uploads\/2024\/12\/logotypes2-gabriela-holcer-724x1024.jpeg\" data-width=\"724\" data-height=\"1024\" aria-label=\"\" role=\"img\" ><\/div>\n\t\t\t\t\t\t\t\t\t\t\t<div class=\"elementor-gallery-item__overlay\"><\/div>\n\t\t\t\t\t\t\t\t\t\t\t\t\t\t<\/a>\n\t\t\t\t\t\t\t<a class=\"e-gallery-item elementor-gallery-item elementor-animated-content\" href=\"https:\/\/gabrielaholcer.com\/wp-content\/uploads\/2023\/02\/CORPORATEidentity-Saffron-2.jpg\" data-elementor-open-lightbox=\"yes\" data-elementor-lightbox-slideshow=\"eb45488\" data-elementor-lightbox-title=\"CORPORATEidentity-Saffron-2.jpg\" data-e-action-hash=\"#elementor-action%3Aaction%3Dlightbox%26settings%3DeyJpZCI6NTU2NCwidXJsIjoiaHR0cHM6XC9cL2dhYnJpZWxhaG9sY2VyLmNvbVwvd3AtY29udGVudFwvdXBsb2Fkc1wvMjAyM1wvMDJcL0NPUlBPUkFURWlkZW50aXR5LVNhZmZyb24tMi5qcGciLCJzbGlkZXNob3ciOiJlYjQ1NDg4In0%3D\">\n\t\t\t\t\t<div class=\"e-gallery-image elementor-gallery-item__image\" data-thumbnail=\"https:\/\/gabrielaholcer.com\/wp-content\/uploads\/2023\/02\/CORPORATEidentity-Saffron-2-1024x724.jpg\" data-width=\"1024\" data-height=\"724\" aria-label=\"\" role=\"img\" ><\/div>\n\t\t\t\t\t\t\t\t\t\t\t<div class=\"elementor-gallery-item__overlay\"><\/div>\n\t\t\t\t\t\t\t\t\t\t\t\t\t\t<\/a>\n\t\t\t\t\t\t\t<a class=\"e-gallery-item elementor-gallery-item elementor-animated-content\" href=\"https:\/\/gabrielaholcer.com\/wp-content\/uploads\/2023\/02\/CORPORATEidentity-Saffron-1.jpg\" data-elementor-open-lightbox=\"yes\" data-elementor-lightbox-slideshow=\"eb45488\" data-elementor-lightbox-title=\"CORPORATEidentity-Saffron-1.jpg\" data-e-action-hash=\"#elementor-action%3Aaction%3Dlightbox%26settings%3DeyJpZCI6NTU2NiwidXJsIjoiaHR0cHM6XC9cL2dhYnJpZWxhaG9sY2VyLmNvbVwvd3AtY29udGVudFwvdXBsb2Fkc1wvMjAyM1wvMDJcL0NPUlBPUkFURWlkZW50aXR5LVNhZmZyb24tMS5qcGciLCJzbGlkZXNob3ciOiJlYjQ1NDg4In0%3D\">\n\t\t\t\t\t<div class=\"e-gallery-image elementor-gallery-item__image\" data-thumbnail=\"https:\/\/gabrielaholcer.com\/wp-content\/uploads\/2023\/02\/CORPORATEidentity-Saffron-1-1024x724.jpg\" data-width=\"1024\" data-height=\"724\" aria-label=\"\" role=\"img\" ><\/div>\n\t\t\t\t\t\t\t\t\t\t\t<div class=\"elementor-gallery-item__overlay\"><\/div>\n\t\t\t\t\t\t\t\t\t\t\t\t\t\t<\/a>\n\t\t\t\t\t<\/div>\n\t\t\t\t\t<\/div>\n\t\t\t\t<\/div>\n\t\t\t\t<div class=\"elementor-element elementor-element-88690ef elementor-widget elementor-widget-menu-anchor\" data-id=\"88690ef\" data-element_type=\"widget\" data-e-type=\"widget\" data-widget_type=\"menu-anchor.default\">\n\t\t\t\t<div class=\"elementor-widget-container\">\n\t\t\t\t\t\t\t<div class=\"elementor-menu-anchor\" id=\"contactform\"><\/div>\n\t\t\t\t\t\t<\/div>\n\t\t\t\t<\/div>\n\t\t\t\t\t<\/div>\n\t\t\t\t<\/div>\n\t\t<div class=\"elementor-element elementor-element-b09646c e-flex e-con-boxed e-con e-parent\" data-id=\"b09646c\" data-element_type=\"container\" data-e-type=\"container\">\n\t\t\t\t\t<div class=\"e-con-inner\">\n\t\t\t\t<div class=\"elementor-element elementor-element-c1c1835 elementor-widget elementor-widget-heading\" data-id=\"c1c1835\" data-element_type=\"widget\" data-e-type=\"widget\" data-widget_type=\"heading.default\">\n\t\t\t\t<div class=\"elementor-widget-container\">\n\t\t\t\t\t<h2 class=\"elementor-heading-title elementor-size-default\">Kontaktn\u00fd formul\u00e1r<\/h2>\t\t\t\t<\/div>\n\t\t\t\t<\/div>\n\t\t\t\t<div class=\"elementor-element elementor-element-65022c4 elementor-button-align-start elementor-widget elementor-widget-form\" data-id=\"65022c4\" data-element_type=\"widget\" data-e-type=\"widget\" data-settings=\"{&quot;step_next_label&quot;:&quot;Next&quot;,&quot;step_previous_label&quot;:&quot;Previous&quot;,&quot;button_width&quot;:&quot;100&quot;,&quot;step_type&quot;:&quot;number_text&quot;,&quot;step_icon_shape&quot;:&quot;circle&quot;}\" data-widget_type=\"form.default\">\n\t\t\t\t<div class=\"elementor-widget-container\">\n\t\t\t\t\t\t\t<form class=\"elementor-form\" method=\"post\" name=\"New Form\" aria-label=\"New Form\">\n\t\t\t<input type=\"hidden\" name=\"post_id\" value=\"15\"\/>\n\t\t\t<input type=\"hidden\" name=\"form_id\" value=\"65022c4\"\/>\n\t\t\t<input type=\"hidden\" name=\"referer_title\" value=\"\" \/>\n\n\t\t\t\n\t\t\t<div class=\"elementor-form-fields-wrapper elementor-labels-\">\n\t\t\t\t\t\t\t\t<div class=\"elementor-field-type-text elementor-field-group elementor-column elementor-field-group-name elementor-col-33\">\n\t\t\t\t\t\t\t\t\t\t\t\t<label for=\"form-field-name\" class=\"elementor-field-label elementor-screen-only\">\n\t\t\t\t\t\t\t\tMeno\t\t\t\t\t\t\t<\/label>\n\t\t\t\t\t\t\t\t\t\t\t\t\t\t<input size=\"1\" type=\"text\" name=\"form_fields[name]\" id=\"form-field-name\" class=\"elementor-field elementor-size-sm  elementor-field-textual\" placeholder=\"Meno\">\n\t\t\t\t\t\t\t\t\t\t\t<\/div>\n\t\t\t\t\t\t\t\t<div class=\"elementor-field-type-email elementor-field-group elementor-column elementor-field-group-email elementor-col-33 elementor-field-required\">\n\t\t\t\t\t\t\t\t\t\t\t\t<label for=\"form-field-email\" class=\"elementor-field-label elementor-screen-only\">\n\t\t\t\t\t\t\t\tEmail\t\t\t\t\t\t\t<\/label>\n\t\t\t\t\t\t\t\t\t\t\t\t\t\t<input size=\"1\" type=\"email\" name=\"form_fields[email]\" id=\"form-field-email\" class=\"elementor-field elementor-size-sm  elementor-field-textual\" placeholder=\"Email\" required=\"required\">\n\t\t\t\t\t\t\t\t\t\t\t<\/div>\n\t\t\t\t\t\t\t\t<div class=\"elementor-field-type-text elementor-field-group elementor-column elementor-field-group-field_075dcf0 elementor-col-33\">\n\t\t\t\t\t\t\t\t\t\t\t\t<label for=\"form-field-field_075dcf0\" class=\"elementor-field-label elementor-screen-only\">\n\t\t\t\t\t\t\t\tTelef\u00f3n\t\t\t\t\t\t\t<\/label>\n\t\t\t\t\t\t\t\t\t\t\t\t\t\t<input size=\"1\" type=\"text\" name=\"form_fields[field_075dcf0]\" id=\"form-field-field_075dcf0\" class=\"elementor-field elementor-size-sm  elementor-field-textual\" placeholder=\"Telef\u00f3n\">\n\t\t\t\t\t\t\t\t\t\t\t<\/div>\n\t\t\t\t\t\t\t\t<div class=\"elementor-field-type-textarea elementor-field-group elementor-column elementor-field-group-message elementor-col-100\">\n\t\t\t\t\t\t\t\t\t\t\t\t<label for=\"form-field-message\" class=\"elementor-field-label elementor-screen-only\">\n\t\t\t\t\t\t\t\tSpr\u00e1va\t\t\t\t\t\t\t<\/label>\n\t\t\t\t\t\t<textarea class=\"elementor-field-textual elementor-field  elementor-size-sm\" name=\"form_fields[message]\" id=\"form-field-message\" rows=\"8\" placeholder=\"\u010co pre V\u00e1s m\u00f4\u017eem navrhn\u00fa\u0165? Do kedy to potrebujete?\"><\/textarea>\t\t\t\t<\/div>\n\t\t\t\t\t\t\t\t<div class=\"elementor-field-type-text\">\n\t\t\t\t\t<input size=\"1\" type=\"text\" name=\"form_fields[field_1]\" id=\"form-field-field_1\" class=\"elementor-field elementor-size-sm \" style=\"display:none !important;\">\t\t\t\t<\/div>\n\t\t\t\t\t\t\t\t<div class=\"elementor-field-type-recaptcha_v3 elementor-field-group elementor-column elementor-field-group-field_2 elementor-col-100 recaptcha_v3-bottomright\">\n\t\t\t\t\t<div class=\"elementor-field\" id=\"form-field-field_2\"><div class=\"elementor-g-recaptcha\" data-sitekey=\"6Lf6kYUUAAAAACOrXBm4qKzWeTFoHL6UOS5EpKHi\" data-type=\"v3\" data-action=\"Form\" data-badge=\"bottomright\" data-size=\"invisible\"><\/div><\/div>\t\t\t\t<\/div>\n\t\t\t\t\t\t\t\t<div class=\"elementor-field-type-acceptance elementor-field-group elementor-column elementor-field-group-field_30aebcd elementor-col-100 elementor-field-required\">\n\t\t\t\t\t\t\t<div class=\"elementor-field-subgroup\">\n\t\t\t<span class=\"elementor-field-option\">\n\t\t\t\t<input type=\"checkbox\" name=\"form_fields[field_30aebcd]\" id=\"form-field-field_30aebcd\" class=\"elementor-field elementor-size-sm  elementor-acceptance-field\" required=\"required\">\n\t\t\t\t<label for=\"form-field-field_30aebcd\">S\u00fahlas\u00edm so spracovan\u00edm osobn\u00fdch \u00fadajov pod\u013ea <a href=\"https:\/\/gabrielaholcer.com\/privacy-policy\/\" target=\"_blank\">podmienok spracovania osobn\u00fdch \u00fadajov.<\/a><\/label>\t\t\t<\/span>\n\t\t<\/div>\n\t\t\t\t\t\t<\/div>\n\t\t\t\t\t\t\t\t<div class=\"elementor-field-group elementor-column elementor-field-type-submit elementor-col-100 e-form__buttons\">\n\t\t\t\t\t<button class=\"elementor-button elementor-size-sm\" type=\"submit\">\n\t\t\t\t\t\t<span class=\"elementor-button-content-wrapper\">\n\t\t\t\t\t\t\t\t\t\t\t\t\t\t\t\t\t\t\t\t\t\t<span class=\"elementor-button-text\">Odosla\u0165<\/span>\n\t\t\t\t\t\t\t\t\t\t\t\t\t<\/span>\n\t\t\t\t\t<\/button>\n\t\t\t\t<\/div>\n\t\t\t<\/div>\n\t\t<\/form>\n\t\t\t\t\t\t<\/div>\n\t\t\t\t<\/div>\n\t\t\t\t\t<\/div>\n\t\t\t\t<\/div>\n\t\t\t\t<\/div>\n\t\t","protected":false},"excerpt":{"rendered":"<p>Vizu\u00e1lne identity. Autorsk\u00fd dizajn. Moja tvorba sa zameriava na tvorbu origin\u00e1lnych logotypov a komplexn\u00fdch vizu\u00e1lnych ident\u00edt, ktor\u00e9 vystupuj\u00fa z davu. Ka\u017ed\u00fd n\u00e1vrh vn\u00edmam ako autorsk\u00e9 dielo, kde sp\u00e1jam grafick\u00fd dizajn s citom pre detail a estetiku. Logotypy &amp; symboly: Tvorba jedine\u010dnej zna\u010dky od prv\u00e9ho \u0165ahu. Vizu\u00e1lna identita: Kompletn\u00fd grafick\u00fd manu\u00e1l \u2013 od farieb a\u017e po&#8230;<\/p>\n","protected":false},"author":1,"featured_media":2564,"parent":0,"menu_order":0,"comment_status":"closed","ping_status":"closed","template":"","meta":{"_acf_changed":false,"_kad_post_transparent":"","_kad_post_title":"hide","_kad_post_layout":"normal","_kad_post_sidebar_id":"","_kad_post_content_style":"","_kad_post_vertical_padding":"","_kad_post_feature":"","_kad_post_feature_position":"","_kad_post_header":false,"_kad_post_footer":false,"_kad_post_classname":"","footnotes":""},"class_list":["post-15","page","type-page","status-publish","has-post-thumbnail","hentry"],"acf":[],"_links":{"self":[{"href":"https:\/\/gabrielaholcer.com\/sk\/wp-json\/wp\/v2\/pages\/15","targetHints":{"allow":["GET"]}}],"collection":[{"href":"https:\/\/gabrielaholcer.com\/sk\/wp-json\/wp\/v2\/pages"}],"about":[{"href":"https:\/\/gabrielaholcer.com\/sk\/wp-json\/wp\/v2\/types\/page"}],"author":[{"embeddable":true,"href":"https:\/\/gabrielaholcer.com\/sk\/wp-json\/wp\/v2\/users\/1"}],"replies":[{"embeddable":true,"href":"https:\/\/gabrielaholcer.com\/sk\/wp-json\/wp\/v2\/comments?post=15"}],"version-history":[{"count":3,"href":"https:\/\/gabrielaholcer.com\/sk\/wp-json\/wp\/v2\/pages\/15\/revisions"}],"predecessor-version":[{"id":9775,"href":"https:\/\/gabrielaholcer.com\/sk\/wp-json\/wp\/v2\/pages\/15\/revisions\/9775"}],"wp:featuredmedia":[{"embeddable":true,"href":"https:\/\/gabrielaholcer.com\/sk\/wp-json\/wp\/v2\/media\/2564"}],"wp:attachment":[{"href":"https:\/\/gabrielaholcer.com\/sk\/wp-json\/wp\/v2\/media?parent=15"}],"curies":[{"name":"wp","href":"https:\/\/api.w.org\/{rel}","templated":true}]}}