{"id":17,"date":"2015-01-27T16:44:46","date_gmt":"2015-01-27T14:44:46","guid":{"rendered":"http:\/\/www.gabrielaholcer.com\/?page_id=17"},"modified":"2026-02-13T13:43:56","modified_gmt":"2026-02-13T11:43:56","slug":"fashion","status":"publish","type":"page","link":"https:\/\/gabrielaholcer.com\/sk\/fashion\/","title":{"rendered":"M\u00f3da"},"content":{"rendered":"\t\t<div data-elementor-type=\"wp-page\" data-elementor-id=\"17\" class=\"elementor elementor-17\" data-elementor-post-type=\"page\">\n\t\t\t\t<div class=\"elementor-element elementor-element-2fd707f e-flex e-con-boxed e-con e-parent\" data-id=\"2fd707f\" data-element_type=\"container\" data-e-type=\"container\">\n\t\t\t\t\t<div class=\"e-con-inner\">\n\t\t\t\t<div class=\"elementor-element elementor-element-7059288 elementor-widget elementor-widget-heading\" data-id=\"7059288\" data-element_type=\"widget\" data-e-type=\"widget\" data-widget_type=\"heading.default\">\n\t\t\t\t<div class=\"elementor-widget-container\">\n\t\t\t\t\t<h1 class=\"elementor-heading-title elementor-size-default\">M\u00f3da<\/h1>\t\t\t\t<\/div>\n\t\t\t\t<\/div>\n\t\t\t\t<div class=\"elementor-element elementor-element-dcfd514 elementor-widget elementor-widget-text-editor\" data-id=\"dcfd514\" data-element_type=\"widget\" data-e-type=\"widget\" data-widget_type=\"text-editor.default\">\n\t\t\t\t<div class=\"elementor-widget-container\">\n\t\t\t\t\t\t\t\t\t<p><span style=\"font-weight: 400;\">Nosite\u013en\u00e9 umenie v jeho najosobnej\u0161ej podobe. Origin\u00e1l, ktor\u00fd m\u00f4\u017ee by\u0165 aj v\u00fdnimo\u010dn\u00fdm darom.<\/span><\/p><p><span style=\"font-weight: 400;\"><strong>Made to be remembered.<\/strong><\/span><\/p><p>\u010ci u\u017e ide o ru\u010dne ma\u013eovan\u00fd hodv\u00e1b alebo autorsk\u00e9 k\u00fasky, ktor\u00e9 prep\u00e1jaj\u00fa m\u00f3du s moj\u00edm v\u00fdtvarn\u00fdm umen\u00edm, ka\u017ed\u00fd model rozpr\u00e1va svoj vlastn\u00fd pr\u00edbeh. Je to m\u00f3da, ktor\u00e1 sa nielen nos\u00ed, ale aj pre\u017e\u00edva.<\/p>\t\t\t\t\t\t\t\t<\/div>\n\t\t\t\t<\/div>\n\t\t\t\t<div class=\"elementor-element elementor-element-7b1d8ff elementor-align-center elementor-widget elementor-widget-button\" data-id=\"7b1d8ff\" data-element_type=\"widget\" data-e-type=\"widget\" data-widget_type=\"button.default\">\n\t\t\t\t<div class=\"elementor-widget-container\">\n\t\t\t\t\t\t\t\t\t<div class=\"elementor-button-wrapper\">\n\t\t\t\t\t<a class=\"elementor-button elementor-button-link elementor-size-sm\" href=\"https:\/\/gabrielaholcer.com\/sk\/kontakt\/\">\n\t\t\t\t\t\t<span class=\"elementor-button-content-wrapper\">\n\t\t\t\t\t\t\t\t\t<span class=\"elementor-button-text\">Kontakt<\/span>\n\t\t\t\t\t<\/span>\n\t\t\t\t\t<\/a>\n\t\t\t\t<\/div>\n\t\t\t\t\t\t\t\t<\/div>\n\t\t\t\t<\/div>\n\t\t\t\t\t<\/div>\n\t\t\t\t<\/div>\n\t\t<div class=\"elementor-element elementor-element-3400820 e-con-full e-flex e-con e-parent\" data-id=\"3400820\" data-element_type=\"container\" data-e-type=\"container\">\n\t\t<div class=\"elementor-element elementor-element-0d30bd0 e-con-full e-flex e-con e-child\" data-id=\"0d30bd0\" data-element_type=\"container\" data-e-type=\"container\">\n\t\t\t\t<div class=\"elementor-element elementor-element-7ecd2aa elementor-widget elementor-widget-global elementor-global-6203 elementor-widget-gallery\" data-id=\"7ecd2aa\" data-element_type=\"widget\" data-e-type=\"widget\" data-settings=\"{&quot;gallery_layout&quot;:&quot;justified&quot;,&quot;ideal_row_height&quot;:{&quot;unit&quot;:&quot;px&quot;,&quot;size&quot;:400,&quot;sizes&quot;:[]},&quot;lazyload&quot;:&quot;yes&quot;,&quot;ideal_row_height_tablet&quot;:{&quot;unit&quot;:&quot;px&quot;,&quot;size&quot;:150,&quot;sizes&quot;:[]},&quot;ideal_row_height_mobile&quot;:{&quot;unit&quot;:&quot;px&quot;,&quot;size&quot;:150,&quot;sizes&quot;:[]},&quot;gap&quot;:{&quot;unit&quot;:&quot;px&quot;,&quot;size&quot;:10,&quot;sizes&quot;:[]},&quot;gap_tablet&quot;:{&quot;unit&quot;:&quot;px&quot;,&quot;size&quot;:10,&quot;sizes&quot;:[]},&quot;gap_mobile&quot;:{&quot;unit&quot;:&quot;px&quot;,&quot;size&quot;:10,&quot;sizes&quot;:[]},&quot;link_to&quot;:&quot;file&quot;,&quot;overlay_background&quot;:&quot;yes&quot;,&quot;content_hover_animation&quot;:&quot;fade-in&quot;}\" data-widget_type=\"gallery.default\">\n\t\t\t\t<div class=\"elementor-widget-container\">\n\t\t\t\t\t\t\t<div class=\"elementor-gallery__container\">\n\t\t\t\t\t\t\t<a class=\"e-gallery-item elementor-gallery-item elementor-animated-content\" href=\"https:\/\/gabrielaholcer.com\/wp-content\/uploads\/2023\/02\/artbubble-gabriela-holcer-10.jpg\" data-elementor-open-lightbox=\"yes\" data-elementor-lightbox-slideshow=\"7ecd2aa\" data-elementor-lightbox-title=\"artbubble-gabriela-holcer-10.jpg\" data-e-action-hash=\"#elementor-action%3Aaction%3Dlightbox%26settings%3DeyJpZCI6NTI4OCwidXJsIjoiaHR0cHM6XC9cL2dhYnJpZWxhaG9sY2VyLmNvbVwvd3AtY29udGVudFwvdXBsb2Fkc1wvMjAyM1wvMDJcL2FydGJ1YmJsZS1nYWJyaWVsYS1ob2xjZXItMTAuanBnIiwic2xpZGVzaG93IjoiN2VjZDJhYSJ9\">\n\t\t\t\t\t<div class=\"e-gallery-image elementor-gallery-item__image\" data-thumbnail=\"https:\/\/gabrielaholcer.com\/wp-content\/uploads\/2023\/02\/artbubble-gabriela-holcer-10-768x536.jpg\" data-width=\"768\" data-height=\"536\" aria-label=\"\" role=\"img\" ><\/div>\n\t\t\t\t\t\t\t\t\t\t\t<div class=\"elementor-gallery-item__overlay\"><\/div>\n\t\t\t\t\t\t\t\t\t\t\t\t\t\t<\/a>\n\t\t\t\t\t\t\t<a class=\"e-gallery-item elementor-gallery-item elementor-animated-content\" href=\"https:\/\/gabrielaholcer.com\/wp-content\/uploads\/2026\/02\/gabriela-holcer-moda-fashion-silk1.webp\" data-elementor-open-lightbox=\"yes\" data-elementor-lightbox-slideshow=\"7ecd2aa\" data-elementor-lightbox-title=\"gabriela holcer moda fashion silk1\" data-e-action-hash=\"#elementor-action%3Aaction%3Dlightbox%26settings%3DeyJpZCI6OTU2MiwidXJsIjoiaHR0cHM6XC9cL2dhYnJpZWxhaG9sY2VyLmNvbVwvd3AtY29udGVudFwvdXBsb2Fkc1wvMjAyNlwvMDJcL2dhYnJpZWxhLWhvbGNlci1tb2RhLWZhc2hpb24tc2lsazEud2VicCIsInNsaWRlc2hvdyI6IjdlY2QyYWEifQ%3D%3D\">\n\t\t\t\t\t<div class=\"e-gallery-image elementor-gallery-item__image\" data-thumbnail=\"https:\/\/gabrielaholcer.com\/wp-content\/uploads\/2026\/02\/gabriela-holcer-moda-fashion-silk1-768x512.webp\" data-width=\"768\" data-height=\"512\" aria-label=\"\" role=\"img\" ><\/div>\n\t\t\t\t\t\t\t\t\t\t\t<div class=\"elementor-gallery-item__overlay\"><\/div>\n\t\t\t\t\t\t\t\t\t\t\t\t\t\t<\/a>\n\t\t\t\t\t\t\t<a class=\"e-gallery-item elementor-gallery-item elementor-animated-content\" href=\"https:\/\/gabrielaholcer.com\/wp-content\/uploads\/2023\/02\/3-fashion-freaky-lines-Large-1.webp\" data-elementor-open-lightbox=\"yes\" data-elementor-lightbox-slideshow=\"7ecd2aa\" data-elementor-lightbox-title=\"3-fashion-freaky-lines-Large.webp\" data-e-action-hash=\"#elementor-action%3Aaction%3Dlightbox%26settings%3DeyJpZCI6NTI5MCwidXJsIjoiaHR0cHM6XC9cL2dhYnJpZWxhaG9sY2VyLmNvbVwvd3AtY29udGVudFwvdXBsb2Fkc1wvMjAyM1wvMDJcLzMtZmFzaGlvbi1mcmVha3ktbGluZXMtTGFyZ2UtMS53ZWJwIiwic2xpZGVzaG93IjoiN2VjZDJhYSJ9\">\n\t\t\t\t\t<div class=\"e-gallery-image elementor-gallery-item__image\" data-thumbnail=\"https:\/\/gabrielaholcer.com\/wp-content\/uploads\/2023\/02\/3-fashion-freaky-lines-Large-1-768x768.webp\" data-width=\"768\" data-height=\"768\" aria-label=\"\" role=\"img\" ><\/div>\n\t\t\t\t\t\t\t\t\t\t\t<div class=\"elementor-gallery-item__overlay\"><\/div>\n\t\t\t\t\t\t\t\t\t\t\t\t\t\t<\/a>\n\t\t\t\t\t\t\t<a class=\"e-gallery-item elementor-gallery-item elementor-animated-content\" href=\"https:\/\/gabrielaholcer.com\/wp-content\/uploads\/2023\/02\/artbubble-silk-hand-painted-silk-scarf-8.jpg\" data-elementor-open-lightbox=\"yes\" data-elementor-lightbox-slideshow=\"7ecd2aa\" data-elementor-lightbox-title=\"artbubble-silk-hand-painted-silk-scarf-8.jpg\" data-e-action-hash=\"#elementor-action%3Aaction%3Dlightbox%26settings%3DeyJpZCI6NTI5NCwidXJsIjoiaHR0cHM6XC9cL2dhYnJpZWxhaG9sY2VyLmNvbVwvd3AtY29udGVudFwvdXBsb2Fkc1wvMjAyM1wvMDJcL2FydGJ1YmJsZS1zaWxrLWhhbmQtcGFpbnRlZC1zaWxrLXNjYXJmLTguanBnIiwic2xpZGVzaG93IjoiN2VjZDJhYSJ9\">\n\t\t\t\t\t<div class=\"e-gallery-image elementor-gallery-item__image\" data-thumbnail=\"https:\/\/gabrielaholcer.com\/wp-content\/uploads\/2023\/02\/artbubble-silk-hand-painted-silk-scarf-8-768x1152.jpg\" data-width=\"768\" data-height=\"1152\" aria-label=\"\" role=\"img\" ><\/div>\n\t\t\t\t\t\t\t\t\t\t\t<div class=\"elementor-gallery-item__overlay\"><\/div>\n\t\t\t\t\t\t\t\t\t\t\t\t\t\t<\/a>\n\t\t\t\t\t\t\t<a class=\"e-gallery-item elementor-gallery-item elementor-animated-content\" href=\"https:\/\/gabrielaholcer.com\/wp-content\/uploads\/2026\/02\/gabriela-holcer-moda-fashion-silk7.webp\" data-elementor-open-lightbox=\"yes\" data-elementor-lightbox-slideshow=\"7ecd2aa\" data-elementor-lightbox-title=\"gabriela holcer moda fashion silk7\" data-e-action-hash=\"#elementor-action%3Aaction%3Dlightbox%26settings%3DeyJpZCI6OTU2NCwidXJsIjoiaHR0cHM6XC9cL2dhYnJpZWxhaG9sY2VyLmNvbVwvd3AtY29udGVudFwvdXBsb2Fkc1wvMjAyNlwvMDJcL2dhYnJpZWxhLWhvbGNlci1tb2RhLWZhc2hpb24tc2lsazcud2VicCIsInNsaWRlc2hvdyI6IjdlY2QyYWEifQ%3D%3D\">\n\t\t\t\t\t<div class=\"e-gallery-image elementor-gallery-item__image\" data-thumbnail=\"https:\/\/gabrielaholcer.com\/wp-content\/uploads\/2026\/02\/gabriela-holcer-moda-fashion-silk7-768x576.webp\" data-width=\"768\" data-height=\"576\" aria-label=\"\" role=\"img\" ><\/div>\n\t\t\t\t\t\t\t\t\t\t\t<div class=\"elementor-gallery-item__overlay\"><\/div>\n\t\t\t\t\t\t\t\t\t\t\t\t\t\t<\/a>\n\t\t\t\t\t\t\t<a class=\"e-gallery-item elementor-gallery-item elementor-animated-content\" href=\"https:\/\/gabrielaholcer.com\/wp-content\/uploads\/2023\/02\/50-ARTbubble.jpg\" data-elementor-open-lightbox=\"yes\" data-elementor-lightbox-slideshow=\"7ecd2aa\" data-elementor-lightbox-title=\"50-ARTbubble.jpg\" data-e-action-hash=\"#elementor-action%3Aaction%3Dlightbox%26settings%3DeyJpZCI6NTI5NiwidXJsIjoiaHR0cHM6XC9cL2dhYnJpZWxhaG9sY2VyLmNvbVwvd3AtY29udGVudFwvdXBsb2Fkc1wvMjAyM1wvMDJcLzUwLUFSVGJ1YmJsZS5qcGciLCJzbGlkZXNob3ciOiI3ZWNkMmFhIn0%3D\">\n\t\t\t\t\t<div class=\"e-gallery-image elementor-gallery-item__image\" data-thumbnail=\"https:\/\/gabrielaholcer.com\/wp-content\/uploads\/2023\/02\/50-ARTbubble-768x1152.jpg\" data-width=\"768\" data-height=\"1152\" aria-label=\"\" role=\"img\" ><\/div>\n\t\t\t\t\t\t\t\t\t\t\t<div class=\"elementor-gallery-item__overlay\"><\/div>\n\t\t\t\t\t\t\t\t\t\t\t\t\t\t<\/a>\n\t\t\t\t\t\t\t<a class=\"e-gallery-item elementor-gallery-item elementor-animated-content\" href=\"https:\/\/gabrielaholcer.com\/wp-content\/uploads\/2026\/02\/gabriela-holcer-moda-fashion-silk5.webp\" data-elementor-open-lightbox=\"yes\" data-elementor-lightbox-slideshow=\"7ecd2aa\" data-elementor-lightbox-title=\"gabriela holcer moda fashion silk5\" data-e-action-hash=\"#elementor-action%3Aaction%3Dlightbox%26settings%3DeyJpZCI6OTU2NSwidXJsIjoiaHR0cHM6XC9cL2dhYnJpZWxhaG9sY2VyLmNvbVwvd3AtY29udGVudFwvdXBsb2Fkc1wvMjAyNlwvMDJcL2dhYnJpZWxhLWhvbGNlci1tb2RhLWZhc2hpb24tc2lsazUud2VicCIsInNsaWRlc2hvdyI6IjdlY2QyYWEifQ%3D%3D\">\n\t\t\t\t\t<div class=\"e-gallery-image elementor-gallery-item__image\" data-thumbnail=\"https:\/\/gabrielaholcer.com\/wp-content\/uploads\/2026\/02\/gabriela-holcer-moda-fashion-silk5-768x512.webp\" data-width=\"768\" data-height=\"512\" aria-label=\"\" role=\"img\" ><\/div>\n\t\t\t\t\t\t\t\t\t\t\t<div class=\"elementor-gallery-item__overlay\"><\/div>\n\t\t\t\t\t\t\t\t\t\t\t\t\t\t<\/a>\n\t\t\t\t\t\t\t<a class=\"e-gallery-item elementor-gallery-item elementor-animated-content\" href=\"https:\/\/gabrielaholcer.com\/wp-content\/uploads\/2023\/02\/5-ARTbubble.jpg\" data-elementor-open-lightbox=\"yes\" data-elementor-lightbox-slideshow=\"7ecd2aa\" data-elementor-lightbox-title=\"5-ARTbubble.jpg\" data-e-action-hash=\"#elementor-action%3Aaction%3Dlightbox%26settings%3DeyJpZCI6NTMxMCwidXJsIjoiaHR0cHM6XC9cL2dhYnJpZWxhaG9sY2VyLmNvbVwvd3AtY29udGVudFwvdXBsb2Fkc1wvMjAyM1wvMDJcLzUtQVJUYnViYmxlLmpwZyIsInNsaWRlc2hvdyI6IjdlY2QyYWEifQ%3D%3D\">\n\t\t\t\t\t<div class=\"e-gallery-image elementor-gallery-item__image\" data-thumbnail=\"https:\/\/gabrielaholcer.com\/wp-content\/uploads\/2023\/02\/5-ARTbubble-768x1152.jpg\" data-width=\"768\" data-height=\"1152\" aria-label=\"\" role=\"img\" ><\/div>\n\t\t\t\t\t\t\t\t\t\t\t<div class=\"elementor-gallery-item__overlay\"><\/div>\n\t\t\t\t\t\t\t\t\t\t\t\t\t\t<\/a>\n\t\t\t\t\t\t\t<a class=\"e-gallery-item elementor-gallery-item elementor-animated-content\" href=\"https:\/\/gabrielaholcer.com\/wp-content\/uploads\/2023\/02\/16-ARTbubble-1.jpg\" data-elementor-open-lightbox=\"yes\" data-elementor-lightbox-slideshow=\"7ecd2aa\" data-elementor-lightbox-title=\"16-ARTbubble.jpg\" data-e-action-hash=\"#elementor-action%3Aaction%3Dlightbox%26settings%3DeyJpZCI6NTM0MiwidXJsIjoiaHR0cHM6XC9cL2dhYnJpZWxhaG9sY2VyLmNvbVwvd3AtY29udGVudFwvdXBsb2Fkc1wvMjAyM1wvMDJcLzE2LUFSVGJ1YmJsZS0xLmpwZyIsInNsaWRlc2hvdyI6IjdlY2QyYWEifQ%3D%3D\">\n\t\t\t\t\t<div class=\"e-gallery-image elementor-gallery-item__image\" data-thumbnail=\"https:\/\/gabrielaholcer.com\/wp-content\/uploads\/2023\/02\/16-ARTbubble-1-768x1151.jpg\" data-width=\"768\" data-height=\"1151\" aria-label=\"\" role=\"img\" ><\/div>\n\t\t\t\t\t\t\t\t\t\t\t<div class=\"elementor-gallery-item__overlay\"><\/div>\n\t\t\t\t\t\t\t\t\t\t\t\t\t\t<\/a>\n\t\t\t\t\t\t\t<a class=\"e-gallery-item elementor-gallery-item elementor-animated-content\" href=\"https:\/\/gabrielaholcer.com\/wp-content\/uploads\/2023\/02\/IMG_2493-copy.jpg\" data-elementor-open-lightbox=\"yes\" data-elementor-lightbox-slideshow=\"7ecd2aa\" data-elementor-lightbox-title=\"IMG_2493-copy.jpg\" data-e-action-hash=\"#elementor-action%3Aaction%3Dlightbox%26settings%3DeyJpZCI6NTMyMiwidXJsIjoiaHR0cHM6XC9cL2dhYnJpZWxhaG9sY2VyLmNvbVwvd3AtY29udGVudFwvdXBsb2Fkc1wvMjAyM1wvMDJcL0lNR18yNDkzLWNvcHkuanBnIiwic2xpZGVzaG93IjoiN2VjZDJhYSJ9\">\n\t\t\t\t\t<div class=\"e-gallery-image elementor-gallery-item__image\" data-thumbnail=\"https:\/\/gabrielaholcer.com\/wp-content\/uploads\/2023\/02\/IMG_2493-copy-768x1152.jpg\" data-width=\"768\" data-height=\"1152\" aria-label=\"\" role=\"img\" ><\/div>\n\t\t\t\t\t\t\t\t\t\t\t<div class=\"elementor-gallery-item__overlay\"><\/div>\n\t\t\t\t\t\t\t\t\t\t\t\t\t\t<\/a>\n\t\t\t\t\t\t\t<a class=\"e-gallery-item elementor-gallery-item elementor-animated-content\" href=\"https:\/\/gabrielaholcer.com\/wp-content\/uploads\/2023\/02\/artbubble-gabriela-holcer-4-1.jpg\" data-elementor-open-lightbox=\"yes\" data-elementor-lightbox-slideshow=\"7ecd2aa\" data-elementor-lightbox-title=\"artbubble-gabriela-holcer-4.jpg\" data-e-action-hash=\"#elementor-action%3Aaction%3Dlightbox%26settings%3DeyJpZCI6NTM1NCwidXJsIjoiaHR0cHM6XC9cL2dhYnJpZWxhaG9sY2VyLmNvbVwvd3AtY29udGVudFwvdXBsb2Fkc1wvMjAyM1wvMDJcL2FydGJ1YmJsZS1nYWJyaWVsYS1ob2xjZXItNC0xLmpwZyIsInNsaWRlc2hvdyI6IjdlY2QyYWEifQ%3D%3D\">\n\t\t\t\t\t<div class=\"e-gallery-image elementor-gallery-item__image\" data-thumbnail=\"https:\/\/gabrielaholcer.com\/wp-content\/uploads\/2023\/02\/artbubble-gabriela-holcer-4-1-768x1152.jpg\" data-width=\"768\" data-height=\"1152\" aria-label=\"\" role=\"img\" ><\/div>\n\t\t\t\t\t\t\t\t\t\t\t<div class=\"elementor-gallery-item__overlay\"><\/div>\n\t\t\t\t\t\t\t\t\t\t\t\t\t\t<\/a>\n\t\t\t\t\t\t\t<a class=\"e-gallery-item elementor-gallery-item elementor-animated-content\" href=\"https:\/\/gabrielaholcer.com\/wp-content\/uploads\/2023\/02\/IMG_2450-copy.jpg\" data-elementor-open-lightbox=\"yes\" data-elementor-lightbox-slideshow=\"7ecd2aa\" data-elementor-lightbox-title=\"IMG_2450-copy.jpg\" data-e-action-hash=\"#elementor-action%3Aaction%3Dlightbox%26settings%3DeyJpZCI6NTMzMCwidXJsIjoiaHR0cHM6XC9cL2dhYnJpZWxhaG9sY2VyLmNvbVwvd3AtY29udGVudFwvdXBsb2Fkc1wvMjAyM1wvMDJcL0lNR18yNDUwLWNvcHkuanBnIiwic2xpZGVzaG93IjoiN2VjZDJhYSJ9\">\n\t\t\t\t\t<div class=\"e-gallery-image elementor-gallery-item__image\" data-thumbnail=\"https:\/\/gabrielaholcer.com\/wp-content\/uploads\/2023\/02\/IMG_2450-copy-768x1152.jpg\" data-width=\"768\" data-height=\"1152\" aria-label=\"\" role=\"img\" ><\/div>\n\t\t\t\t\t\t\t\t\t\t\t<div class=\"elementor-gallery-item__overlay\"><\/div>\n\t\t\t\t\t\t\t\t\t\t\t\t\t\t<\/a>\n\t\t\t\t\t\t\t<a class=\"e-gallery-item elementor-gallery-item elementor-animated-content\" href=\"https:\/\/gabrielaholcer.com\/wp-content\/uploads\/2026\/02\/gabriela-holcer-moda-fashion-silk2.webp\" data-elementor-open-lightbox=\"yes\" data-elementor-lightbox-slideshow=\"7ecd2aa\" data-elementor-lightbox-title=\"gabriela holcer moda fashion silk2\" data-e-action-hash=\"#elementor-action%3Aaction%3Dlightbox%26settings%3DeyJpZCI6OTU2OCwidXJsIjoiaHR0cHM6XC9cL2dhYnJpZWxhaG9sY2VyLmNvbVwvd3AtY29udGVudFwvdXBsb2Fkc1wvMjAyNlwvMDJcL2dhYnJpZWxhLWhvbGNlci1tb2RhLWZhc2hpb24tc2lsazIud2VicCIsInNsaWRlc2hvdyI6IjdlY2QyYWEifQ%3D%3D\">\n\t\t\t\t\t<div class=\"e-gallery-image elementor-gallery-item__image\" data-thumbnail=\"https:\/\/gabrielaholcer.com\/wp-content\/uploads\/2026\/02\/gabriela-holcer-moda-fashion-silk2-768x1151.webp\" data-width=\"768\" data-height=\"1151\" aria-label=\"\" role=\"img\" ><\/div>\n\t\t\t\t\t\t\t\t\t\t\t<div class=\"elementor-gallery-item__overlay\"><\/div>\n\t\t\t\t\t\t\t\t\t\t\t\t\t\t<\/a>\n\t\t\t\t\t\t\t<a class=\"e-gallery-item elementor-gallery-item elementor-animated-content\" href=\"https:\/\/gabrielaholcer.com\/wp-content\/uploads\/2023\/02\/artbubble-gabriela-holcer-6-1.jpg\" data-elementor-open-lightbox=\"yes\" data-elementor-lightbox-slideshow=\"7ecd2aa\" data-elementor-lightbox-title=\"artbubble-gabriela-holcer-6.jpg\" data-e-action-hash=\"#elementor-action%3Aaction%3Dlightbox%26settings%3DeyJpZCI6NTM2NiwidXJsIjoiaHR0cHM6XC9cL2dhYnJpZWxhaG9sY2VyLmNvbVwvd3AtY29udGVudFwvdXBsb2Fkc1wvMjAyM1wvMDJcL2FydGJ1YmJsZS1nYWJyaWVsYS1ob2xjZXItNi0xLmpwZyIsInNsaWRlc2hvdyI6IjdlY2QyYWEifQ%3D%3D\">\n\t\t\t\t\t<div class=\"e-gallery-image elementor-gallery-item__image\" data-thumbnail=\"https:\/\/gabrielaholcer.com\/wp-content\/uploads\/2023\/02\/artbubble-gabriela-holcer-6-1-768x512.jpg\" data-width=\"768\" data-height=\"512\" aria-label=\"\" role=\"img\" ><\/div>\n\t\t\t\t\t\t\t\t\t\t\t<div class=\"elementor-gallery-item__overlay\"><\/div>\n\t\t\t\t\t\t\t\t\t\t\t\t\t\t<\/a>\n\t\t\t\t\t\t\t<a class=\"e-gallery-item elementor-gallery-item elementor-animated-content\" href=\"https:\/\/gabrielaholcer.com\/wp-content\/uploads\/2026\/02\/gabriela-holcer-moda-fashion-silk4.webp\" data-elementor-open-lightbox=\"yes\" data-elementor-lightbox-slideshow=\"7ecd2aa\" data-elementor-lightbox-title=\"gabriela holcer moda fashion silk4\" data-e-action-hash=\"#elementor-action%3Aaction%3Dlightbox%26settings%3DeyJpZCI6OTU2NiwidXJsIjoiaHR0cHM6XC9cL2dhYnJpZWxhaG9sY2VyLmNvbVwvd3AtY29udGVudFwvdXBsb2Fkc1wvMjAyNlwvMDJcL2dhYnJpZWxhLWhvbGNlci1tb2RhLWZhc2hpb24tc2lsazQud2VicCIsInNsaWRlc2hvdyI6IjdlY2QyYWEifQ%3D%3D\">\n\t\t\t\t\t<div class=\"e-gallery-image elementor-gallery-item__image\" data-thumbnail=\"https:\/\/gabrielaholcer.com\/wp-content\/uploads\/2026\/02\/gabriela-holcer-moda-fashion-silk4-768x1152.webp\" data-width=\"768\" data-height=\"1152\" aria-label=\"\" role=\"img\" ><\/div>\n\t\t\t\t\t\t\t\t\t\t\t<div class=\"elementor-gallery-item__overlay\"><\/div>\n\t\t\t\t\t\t\t\t\t\t\t\t\t\t<\/a>\n\t\t\t\t\t\t\t<a class=\"e-gallery-item elementor-gallery-item elementor-animated-content\" href=\"https:\/\/gabrielaholcer.com\/wp-content\/uploads\/2023\/02\/IMG_2539-copy.jpg\" data-elementor-open-lightbox=\"yes\" data-elementor-lightbox-slideshow=\"7ecd2aa\" data-elementor-lightbox-title=\"IMG_2539-copy.jpg\" data-e-action-hash=\"#elementor-action%3Aaction%3Dlightbox%26settings%3DeyJpZCI6NTI5OCwidXJsIjoiaHR0cHM6XC9cL2dhYnJpZWxhaG9sY2VyLmNvbVwvd3AtY29udGVudFwvdXBsb2Fkc1wvMjAyM1wvMDJcL0lNR18yNTM5LWNvcHkuanBnIiwic2xpZGVzaG93IjoiN2VjZDJhYSJ9\">\n\t\t\t\t\t<div class=\"e-gallery-image elementor-gallery-item__image\" data-thumbnail=\"https:\/\/gabrielaholcer.com\/wp-content\/uploads\/2023\/02\/IMG_2539-copy-768x1152.jpg\" data-width=\"768\" data-height=\"1152\" aria-label=\"\" role=\"img\" ><\/div>\n\t\t\t\t\t\t\t\t\t\t\t<div class=\"elementor-gallery-item__overlay\"><\/div>\n\t\t\t\t\t\t\t\t\t\t\t\t\t\t<\/a>\n\t\t\t\t\t\t\t<a class=\"e-gallery-item elementor-gallery-item elementor-animated-content\" href=\"https:\/\/gabrielaholcer.com\/wp-content\/uploads\/2023\/02\/artbubble-gabriela-holcer-7-1.jpg\" data-elementor-open-lightbox=\"yes\" data-elementor-lightbox-slideshow=\"7ecd2aa\" data-elementor-lightbox-title=\"artbubble-gabriela-holcer-7.jpg\" data-e-action-hash=\"#elementor-action%3Aaction%3Dlightbox%26settings%3DeyJpZCI6NTM3OCwidXJsIjoiaHR0cHM6XC9cL2dhYnJpZWxhaG9sY2VyLmNvbVwvd3AtY29udGVudFwvdXBsb2Fkc1wvMjAyM1wvMDJcL2FydGJ1YmJsZS1nYWJyaWVsYS1ob2xjZXItNy0xLmpwZyIsInNsaWRlc2hvdyI6IjdlY2QyYWEifQ%3D%3D\">\n\t\t\t\t\t<div class=\"e-gallery-image elementor-gallery-item__image\" data-thumbnail=\"https:\/\/gabrielaholcer.com\/wp-content\/uploads\/2023\/02\/artbubble-gabriela-holcer-7-1-768x768.jpg\" data-width=\"768\" data-height=\"768\" aria-label=\"\" role=\"img\" ><\/div>\n\t\t\t\t\t\t\t\t\t\t\t<div class=\"elementor-gallery-item__overlay\"><\/div>\n\t\t\t\t\t\t\t\t\t\t\t\t\t\t<\/a>\n\t\t\t\t\t\t\t<a class=\"e-gallery-item elementor-gallery-item elementor-animated-content\" href=\"https:\/\/gabrielaholcer.com\/wp-content\/uploads\/2026\/02\/gabriela-holcer-moda-fashion-silk6.webp\" data-elementor-open-lightbox=\"yes\" data-elementor-lightbox-slideshow=\"7ecd2aa\" data-elementor-lightbox-title=\"gabriela holcer moda fashion silk6\" data-e-action-hash=\"#elementor-action%3Aaction%3Dlightbox%26settings%3DeyJpZCI6OTU2MywidXJsIjoiaHR0cHM6XC9cL2dhYnJpZWxhaG9sY2VyLmNvbVwvd3AtY29udGVudFwvdXBsb2Fkc1wvMjAyNlwvMDJcL2dhYnJpZWxhLWhvbGNlci1tb2RhLWZhc2hpb24tc2lsazYud2VicCIsInNsaWRlc2hvdyI6IjdlY2QyYWEifQ%3D%3D\">\n\t\t\t\t\t<div class=\"e-gallery-image elementor-gallery-item__image\" data-thumbnail=\"https:\/\/gabrielaholcer.com\/wp-content\/uploads\/2026\/02\/gabriela-holcer-moda-fashion-silk6-768x1152.webp\" data-width=\"768\" data-height=\"1152\" aria-label=\"\" role=\"img\" ><\/div>\n\t\t\t\t\t\t\t\t\t\t\t<div class=\"elementor-gallery-item__overlay\"><\/div>\n\t\t\t\t\t\t\t\t\t\t\t\t\t\t<\/a>\n\t\t\t\t\t\t\t<a class=\"e-gallery-item elementor-gallery-item elementor-animated-content\" href=\"https:\/\/gabrielaholcer.com\/wp-content\/uploads\/2026\/02\/gabriela-holcer-moda-fashion-silk3.webp\" data-elementor-open-lightbox=\"yes\" data-elementor-lightbox-slideshow=\"7ecd2aa\" data-elementor-lightbox-title=\"gabriela holcer moda fashion silk3\" data-e-action-hash=\"#elementor-action%3Aaction%3Dlightbox%26settings%3DeyJpZCI6OTU2NywidXJsIjoiaHR0cHM6XC9cL2dhYnJpZWxhaG9sY2VyLmNvbVwvd3AtY29udGVudFwvdXBsb2Fkc1wvMjAyNlwvMDJcL2dhYnJpZWxhLWhvbGNlci1tb2RhLWZhc2hpb24tc2lsazMud2VicCIsInNsaWRlc2hvdyI6IjdlY2QyYWEifQ%3D%3D\">\n\t\t\t\t\t<div class=\"e-gallery-image elementor-gallery-item__image\" data-thumbnail=\"https:\/\/gabrielaholcer.com\/wp-content\/uploads\/2026\/02\/gabriela-holcer-moda-fashion-silk3-768x1152.webp\" data-width=\"768\" data-height=\"1152\" aria-label=\"\" role=\"img\" ><\/div>\n\t\t\t\t\t\t\t\t\t\t\t<div class=\"elementor-gallery-item__overlay\"><\/div>\n\t\t\t\t\t\t\t\t\t\t\t\t\t\t<\/a>\n\t\t\t\t\t<\/div>\n\t\t\t\t\t<\/div>\n\t\t\t\t<\/div>\n\t\t\t\t<\/div>\n\t\t\t\t<\/div>\n\t\t<div class=\"elementor-element elementor-element-3bd9d53 e-flex e-con-boxed e-con e-parent\" data-id=\"3bd9d53\" data-element_type=\"container\" data-e-type=\"container\">\n\t\t\t\t\t<div class=\"e-con-inner\">\n\t\t\t\t<div class=\"elementor-element elementor-element-de33023 elementor-align-center elementor-widget elementor-widget-button\" data-id=\"de33023\" data-element_type=\"widget\" data-e-type=\"widget\" data-widget_type=\"button.default\">\n\t\t\t\t<div class=\"elementor-widget-container\">\n\t\t\t\t\t\t\t\t\t<div class=\"elementor-button-wrapper\">\n\t\t\t\t\t<a class=\"elementor-button elementor-button-link elementor-size-sm\" href=\"https:\/\/gabrielaholcer.com\/sk\/kontakt\/\">\n\t\t\t\t\t\t<span class=\"elementor-button-content-wrapper\">\n\t\t\t\t\t\t\t\t\t<span class=\"elementor-button-text\">Kontakt<\/span>\n\t\t\t\t\t<\/span>\n\t\t\t\t\t<\/a>\n\t\t\t\t<\/div>\n\t\t\t\t\t\t\t\t<\/div>\n\t\t\t\t<\/div>\n\t\t\t\t\t<\/div>\n\t\t\t\t<\/div>\n\t\t\t\t<\/div>\n\t\t","protected":false},"excerpt":{"rendered":"<p>Nosite\u013en\u00e9 umenie v jeho najosobnej\u0161ej podobe. Origin\u00e1l, ktor\u00fd m\u00f4\u017ee by\u0165 aj v\u00fdnimo\u010dn\u00fdm darom. Made to be remembered. \u010ci u\u017e ide o ru\u010dne ma\u013eovan\u00fd hodv\u00e1b alebo autorsk\u00e9 k\u00fasky, ktor\u00e9 prep\u00e1jaj\u00fa m\u00f3du s moj\u00edm v\u00fdtvarn\u00fdm umen\u00edm, ka\u017ed\u00fd model rozpr\u00e1va svoj vlastn\u00fd pr\u00edbeh. Je to m\u00f3da, ktor\u00e1 sa nielen nos\u00ed, ale aj pre\u017e\u00edva. Kontakt Kontakt<\/p>\n","protected":false},"author":1,"featured_media":3096,"parent":0,"menu_order":0,"comment_status":"closed","ping_status":"closed","template":"","meta":{"_acf_changed":false,"_kad_post_transparent":"","_kad_post_title":"hide","_kad_post_layout":"normal","_kad_post_sidebar_id":"","_kad_post_content_style":"unboxed","_kad_post_vertical_padding":"hide","_kad_post_feature":"hide","_kad_post_feature_position":"","_kad_post_header":false,"_kad_post_footer":false,"_kad_post_classname":"","footnotes":""},"class_list":["post-17","page","type-page","status-publish","has-post-thumbnail","hentry"],"acf":[],"_links":{"self":[{"href":"https:\/\/gabrielaholcer.com\/sk\/wp-json\/wp\/v2\/pages\/17","targetHints":{"allow":["GET"]}}],"collection":[{"href":"https:\/\/gabrielaholcer.com\/sk\/wp-json\/wp\/v2\/pages"}],"about":[{"href":"https:\/\/gabrielaholcer.com\/sk\/wp-json\/wp\/v2\/types\/page"}],"author":[{"embeddable":true,"href":"https:\/\/gabrielaholcer.com\/sk\/wp-json\/wp\/v2\/users\/1"}],"replies":[{"embeddable":true,"href":"https:\/\/gabrielaholcer.com\/sk\/wp-json\/wp\/v2\/comments?post=17"}],"version-history":[{"count":3,"href":"https:\/\/gabrielaholcer.com\/sk\/wp-json\/wp\/v2\/pages\/17\/revisions"}],"predecessor-version":[{"id":9710,"href":"https:\/\/gabrielaholcer.com\/sk\/wp-json\/wp\/v2\/pages\/17\/revisions\/9710"}],"wp:featuredmedia":[{"embeddable":true,"href":"https:\/\/gabrielaholcer.com\/sk\/wp-json\/wp\/v2\/media\/3096"}],"wp:attachment":[{"href":"https:\/\/gabrielaholcer.com\/sk\/wp-json\/wp\/v2\/media?parent=17"}],"curies":[{"name":"wp","href":"https:\/\/api.w.org\/{rel}","templated":true}]}}