{"id":3113,"date":"2018-07-25T11:40:30","date_gmt":"2018-07-25T09:40:30","guid":{"rendered":"https:\/\/www.gabrielaholcer.com\/?page_id=3113"},"modified":"2026-01-31T19:16:25","modified_gmt":"2026-01-31T17:16:25","slug":"blog","status":"publish","type":"page","link":"https:\/\/gabrielaholcer.com\/sk\/blog\/","title":{"rendered":"Blog"},"content":{"rendered":"\t\t<div data-elementor-type=\"wp-page\" data-elementor-id=\"3113\" class=\"elementor elementor-3113\" data-elementor-post-type=\"page\">\n\t\t\t\t<div class=\"elementor-element elementor-element-410da61 e-flex e-con-boxed e-con e-parent\" data-id=\"410da61\" data-element_type=\"container\" data-e-type=\"container\">\n\t\t\t\t\t<div class=\"e-con-inner\">\n\t\t\t\t<div class=\"elementor-element elementor-element-f12b46b elementor-widget elementor-widget-heading\" data-id=\"f12b46b\" data-element_type=\"widget\" data-e-type=\"widget\" data-widget_type=\"heading.default\">\n\t\t\t\t<div class=\"elementor-widget-container\">\n\t\t\t\t\t<h2 class=\"elementor-heading-title elementor-size-default\">Blog<\/h2>\t\t\t\t<\/div>\n\t\t\t\t<\/div>\n\t\t\t\t\t<\/div>\n\t\t\t\t<\/div>\n\t\t<div class=\"elementor-element elementor-element-c4b8436 e-con-full e-flex e-con e-parent\" data-id=\"c4b8436\" data-element_type=\"container\" data-e-type=\"container\">\n\t\t<div class=\"elementor-element elementor-element-94c092a e-con-full e-flex e-con e-child\" data-id=\"94c092a\" data-element_type=\"container\" data-e-type=\"container\">\n\t\t\t\t<div class=\"elementor-element elementor-element-575c26d elementor-grid-3 elementor-grid-tablet-2 elementor-grid-mobile-1 elementor-posts--thumbnail-top elementor-card-shadow-yes elementor-posts__hover-gradient elementor-widget elementor-widget-posts\" data-id=\"575c26d\" data-element_type=\"widget\" data-e-type=\"widget\" data-settings=\"{&quot;pagination_type&quot;:&quot;numbers_and_prev_next&quot;,&quot;cards_columns&quot;:&quot;3&quot;,&quot;cards_columns_tablet&quot;:&quot;2&quot;,&quot;cards_columns_mobile&quot;:&quot;1&quot;,&quot;cards_row_gap&quot;:{&quot;unit&quot;:&quot;px&quot;,&quot;size&quot;:35,&quot;sizes&quot;:[]},&quot;cards_row_gap_tablet&quot;:{&quot;unit&quot;:&quot;px&quot;,&quot;size&quot;:&quot;&quot;,&quot;sizes&quot;:[]},&quot;cards_row_gap_mobile&quot;:{&quot;unit&quot;:&quot;px&quot;,&quot;size&quot;:&quot;&quot;,&quot;sizes&quot;:[]}}\" data-widget_type=\"posts.cards\">\n\t\t\t\t<div class=\"elementor-widget-container\">\n\t\t\t\t\t\t\t<div class=\"elementor-posts-container elementor-posts elementor-posts--skin-cards elementor-grid\" role=\"list\">\n\t\t\t\t<article class=\"elementor-post elementor-grid-item post-8470 post type-post status-publish format-standard has-post-thumbnail hentry category-blog-sk tag-kreativita tag-mentalne-zdravie\" role=\"listitem\">\n\t\t\t<div class=\"elementor-post__card\">\n\t\t\t\t<a class=\"elementor-post__thumbnail__link\" href=\"https:\/\/gabrielaholcer.com\/sk\/want-to-reduce-depression-improve-your-immunity-or-delay-ageing-being-creative-can-help-with-that\/\" tabindex=\"-1\"><div class=\"elementor-post__thumbnail\"><img fetchpriority=\"high\" decoding=\"async\" width=\"768\" height=\"988\" src=\"https:\/\/gabrielaholcer.com\/wp-content\/uploads\/2024\/12\/kurz-krajinomalba-gabriela-holcer-3-Large-1-768x988.jpg\" class=\"attachment-medium_large size-medium_large wp-image-6841\" alt=\"\" srcset=\"https:\/\/gabrielaholcer.com\/wp-content\/uploads\/2024\/12\/kurz-krajinomalba-gabriela-holcer-3-Large-1-768x988.jpg 768w, https:\/\/gabrielaholcer.com\/wp-content\/uploads\/2024\/12\/kurz-krajinomalba-gabriela-holcer-3-Large-1-233x300.jpg 233w, https:\/\/gabrielaholcer.com\/wp-content\/uploads\/2024\/12\/kurz-krajinomalba-gabriela-holcer-3-Large-1-796x1024.jpg 796w, https:\/\/gabrielaholcer.com\/wp-content\/uploads\/2024\/12\/kurz-krajinomalba-gabriela-holcer-3-Large-1.jpg 1080w\" sizes=\"(max-width: 768px) 100vw, 768px\" \/><\/div><\/a>\n\t\t\t\t<div class=\"elementor-post__badge\">Blog<\/div>\n\t\t\t\t<div class=\"elementor-post__text\">\n\t\t\t\t<h3 class=\"elementor-post__title\">\n\t\t\t<a href=\"https:\/\/gabrielaholcer.com\/sk\/want-to-reduce-depression-improve-your-immunity-or-delay-ageing-being-creative-can-help-with-that\/\">\n\t\t\t\tChcete zmierni\u0165 depresiu, zlep\u0161i\u0165 imunitu alebo spomali\u0165 starnutie? Kreativita v\u00e1m s t\u00fdm m\u00f4\u017ee pom\u00f4c\u0165.\t\t\t<\/a>\n\t\t<\/h3>\n\t\t\t\t<div class=\"elementor-post__excerpt\">\n\t\t\t<p>Na z\u00e1klade \u010dl\u00e1nku v Guardian: \u201cArt could save your life! Five creative ways to make<\/p>\n\t\t<\/div>\n\t\t\n\t\t<a class=\"elementor-post__read-more\" href=\"https:\/\/gabrielaholcer.com\/sk\/want-to-reduce-depression-improve-your-immunity-or-delay-ageing-being-creative-can-help-with-that\/\" aria-label=\"Read more about Chcete zmierni\u0165 depresiu, zlep\u0161i\u0165 imunitu alebo spomali\u0165 starnutie? Kreativita v\u00e1m s t\u00fdm m\u00f4\u017ee pom\u00f4c\u0165.\" tabindex=\"-1\">\n\t\t\tRead More \u00bb\t\t<\/a>\n\n\t\t\t\t<\/div>\n\t\t\t\t<div class=\"elementor-post__meta-data\">\n\t\t\t\t\t<span class=\"elementor-post-date\">\n\t\t\t27. janu\u00e1ra 2026\t\t<\/span>\n\t\t\t\t<span class=\"elementor-post-avatar\">\n\t\t\tNekomentovan\u00e9\t\t<\/span>\n\t\t\t\t<\/div>\n\t\t\t\t\t<\/div>\n\t\t<\/article>\n\t\t\t\t<article class=\"elementor-post elementor-grid-item post-2546 post type-post status-publish format-video has-post-thumbnail hentry category-interviews-media post_format-post-format-video\" role=\"listitem\">\n\t\t\t<div class=\"elementor-post__card\">\n\t\t\t\t<a class=\"elementor-post__thumbnail__link\" href=\"https:\/\/gabrielaholcer.com\/sk\/interview-pre-kosice-dnes-artbubblesilk-hodvabne-satky\/\" tabindex=\"-1\"><div class=\"elementor-post__thumbnail\"><img decoding=\"async\" width=\"768\" height=\"364\" src=\"https:\/\/gabrielaholcer.com\/wp-content\/uploads\/2017\/03\/kosicednes-artbubblesilk-gabriela-holcer-768x364.jpg\" class=\"attachment-medium_large size-medium_large wp-image-2548\" alt=\"\" srcset=\"https:\/\/gabrielaholcer.com\/wp-content\/uploads\/2017\/03\/kosicednes-artbubblesilk-gabriela-holcer-768x364.jpg 768w, https:\/\/gabrielaholcer.com\/wp-content\/uploads\/2017\/03\/kosicednes-artbubblesilk-gabriela-holcer-300x142.jpg 300w, https:\/\/gabrielaholcer.com\/wp-content\/uploads\/2017\/03\/kosicednes-artbubblesilk-gabriela-holcer-645x306.jpg 645w, https:\/\/gabrielaholcer.com\/wp-content\/uploads\/2017\/03\/kosicednes-artbubblesilk-gabriela-holcer-560x266.jpg 560w, https:\/\/gabrielaholcer.com\/wp-content\/uploads\/2017\/03\/kosicednes-artbubblesilk-gabriela-holcer-750x356.jpg 750w, https:\/\/gabrielaholcer.com\/wp-content\/uploads\/2017\/03\/kosicednes-artbubblesilk-gabriela-holcer-400x190.jpg 400w, https:\/\/gabrielaholcer.com\/wp-content\/uploads\/2017\/03\/kosicednes-artbubblesilk-gabriela-holcer-800x380.jpg 800w, https:\/\/gabrielaholcer.com\/wp-content\/uploads\/2017\/03\/kosicednes-artbubblesilk-gabriela-holcer-720x342.jpg 720w, https:\/\/gabrielaholcer.com\/wp-content\/uploads\/2017\/03\/kosicednes-artbubblesilk-gabriela-holcer-360x171.jpg 360w, https:\/\/gabrielaholcer.com\/wp-content\/uploads\/2017\/03\/kosicednes-artbubblesilk-gabriela-holcer-480x228.jpg 480w, https:\/\/gabrielaholcer.com\/wp-content\/uploads\/2017\/03\/kosicednes-artbubblesilk-gabriela-holcer.jpg 921w\" sizes=\"(max-width: 768px) 100vw, 768px\" \/><\/div><\/a>\n\t\t\t\t<div class=\"elementor-post__badge\">Interviews, M\u00e9di\u00e1<\/div>\n\t\t\t\t<div class=\"elementor-post__text\">\n\t\t\t\t<h3 class=\"elementor-post__title\">\n\t\t\t<a href=\"https:\/\/gabrielaholcer.com\/sk\/interview-pre-kosice-dnes-artbubblesilk-hodvabne-satky\/\">\n\t\t\t\tInterview pre Ko\u0161ice: Dnes &#8211; ARTbubbleSilk hodv\u00e1bne \u0161atky\t\t\t<\/a>\n\t\t<\/h3>\n\t\t\t\t<div class=\"elementor-post__excerpt\">\n\t\t\t<p>Alebo si pozrite origin\u00e1l na str\u00e1nke TV Ko\u0161ice:Dnes.<\/p>\n\t\t<\/div>\n\t\t\n\t\t<a class=\"elementor-post__read-more\" href=\"https:\/\/gabrielaholcer.com\/sk\/interview-pre-kosice-dnes-artbubblesilk-hodvabne-satky\/\" aria-label=\"Read more about Interview pre Ko\u0161ice: Dnes &#8211; ARTbubbleSilk hodv\u00e1bne \u0161atky\" tabindex=\"-1\">\n\t\t\tRead More \u00bb\t\t<\/a>\n\n\t\t\t\t<\/div>\n\t\t\t\t<div class=\"elementor-post__meta-data\">\n\t\t\t\t\t<span class=\"elementor-post-date\">\n\t\t\t21. marca 2017\t\t<\/span>\n\t\t\t\t<span class=\"elementor-post-avatar\">\n\t\t\tNekomentovan\u00e9\t\t<\/span>\n\t\t\t\t<\/div>\n\t\t\t\t\t<\/div>\n\t\t<\/article>\n\t\t\t\t<article class=\"elementor-post elementor-grid-item post-2336 post type-post status-publish format-standard has-post-thumbnail hentry category-vystavy tag-gabriela-holcer-obrazy tag-gabriela-holcer-vystava tag-hotel-bankov tag-vystava\" role=\"listitem\">\n\t\t\t<div class=\"elementor-post__card\">\n\t\t\t\t<a class=\"elementor-post__thumbnail__link\" href=\"https:\/\/gabrielaholcer.com\/sk\/vystava-v-hoteli-bankov-kosice\/\" tabindex=\"-1\"><div class=\"elementor-post__thumbnail\"><img decoding=\"async\" width=\"768\" height=\"431\" src=\"https:\/\/gabrielaholcer.com\/wp-content\/uploads\/2016\/03\/DSC07544-Medium-768x431.jpg\" class=\"attachment-medium_large size-medium_large wp-image-2363\" alt=\"\" srcset=\"https:\/\/gabrielaholcer.com\/wp-content\/uploads\/2016\/03\/DSC07544-Medium-768x431.jpg 768w, https:\/\/gabrielaholcer.com\/wp-content\/uploads\/2016\/03\/DSC07544-Medium-300x168.jpg 300w, https:\/\/gabrielaholcer.com\/wp-content\/uploads\/2016\/03\/DSC07544-Medium-1024x574.jpg 1024w, https:\/\/gabrielaholcer.com\/wp-content\/uploads\/2016\/03\/DSC07544-Medium-128x72.jpg 128w, https:\/\/gabrielaholcer.com\/wp-content\/uploads\/2016\/03\/DSC07544-Medium-228x128.jpg 228w, https:\/\/gabrielaholcer.com\/wp-content\/uploads\/2016\/03\/DSC07544-Medium-800x448.jpg 800w, https:\/\/gabrielaholcer.com\/wp-content\/uploads\/2016\/03\/DSC07544-Medium-1140x639.jpg 1140w, https:\/\/gabrielaholcer.com\/wp-content\/uploads\/2016\/03\/DSC07544-Medium-1000x561.jpg 1000w, https:\/\/gabrielaholcer.com\/wp-content\/uploads\/2016\/03\/DSC07544-Medium-645x362.jpg 645w, https:\/\/gabrielaholcer.com\/wp-content\/uploads\/2016\/03\/DSC07544-Medium-560x314.jpg 560w, https:\/\/gabrielaholcer.com\/wp-content\/uploads\/2016\/03\/DSC07544-Medium-750x421.jpg 750w, https:\/\/gabrielaholcer.com\/wp-content\/uploads\/2016\/03\/DSC07544-Medium-400x224.jpg 400w, https:\/\/gabrielaholcer.com\/wp-content\/uploads\/2016\/03\/DSC07544-Medium-720x404.jpg 720w, https:\/\/gabrielaholcer.com\/wp-content\/uploads\/2016\/03\/DSC07544-Medium-360x202.jpg 360w, https:\/\/gabrielaholcer.com\/wp-content\/uploads\/2016\/03\/DSC07544-Medium-960x538.jpg 960w, https:\/\/gabrielaholcer.com\/wp-content\/uploads\/2016\/03\/DSC07544-Medium-480x269.jpg 480w, https:\/\/gabrielaholcer.com\/wp-content\/uploads\/2016\/03\/DSC07544-Medium-840x472.jpg 840w, https:\/\/gabrielaholcer.com\/wp-content\/uploads\/2016\/03\/DSC07544-Medium-420x236.jpg 420w, https:\/\/gabrielaholcer.com\/wp-content\/uploads\/2016\/03\/DSC07544-Medium.jpg 1366w\" sizes=\"(max-width: 768px) 100vw, 768px\" \/><\/div><\/a>\n\t\t\t\t<div class=\"elementor-post__badge\">V\u00fdstavy<\/div>\n\t\t\t\t<div class=\"elementor-post__text\">\n\t\t\t\t<h3 class=\"elementor-post__title\">\n\t\t\t<a href=\"https:\/\/gabrielaholcer.com\/sk\/vystava-v-hoteli-bankov-kosice\/\">\n\t\t\t\tV\u00fdstava v hoteli Bankov, Ko\u0161ice\t\t\t<\/a>\n\t\t<\/h3>\n\t\t\t\t<div class=\"elementor-post__excerpt\">\n\t\t\t<p>Od 26.2.2016 do 29.4.2016 si m\u00f4\u017eete medzi in\u00fdmi pozrie\u0165 aj moje obrazy v hoteli Bankov<\/p>\n\t\t<\/div>\n\t\t\n\t\t<a class=\"elementor-post__read-more\" href=\"https:\/\/gabrielaholcer.com\/sk\/vystava-v-hoteli-bankov-kosice\/\" aria-label=\"Read more about V\u00fdstava v hoteli Bankov, Ko\u0161ice\" tabindex=\"-1\">\n\t\t\tRead More \u00bb\t\t<\/a>\n\n\t\t\t\t<\/div>\n\t\t\t\t<div class=\"elementor-post__meta-data\">\n\t\t\t\t\t<span class=\"elementor-post-date\">\n\t\t\t6. marca 2016\t\t<\/span>\n\t\t\t\t<span class=\"elementor-post-avatar\">\n\t\t\tNekomentovan\u00e9\t\t<\/span>\n\t\t\t\t<\/div>\n\t\t\t\t\t<\/div>\n\t\t<\/article>\n\t\t\t\t<article class=\"elementor-post elementor-grid-item post-194 post type-post status-publish format-standard has-post-thumbnail hentry category-vystavy tag-gabriela-holcer-obrazy tag-halmicaffe tag-jednota tag-premietanie-unity tag-unity tag-vystava\" role=\"listitem\">\n\t\t\t<div class=\"elementor-post__card\">\n\t\t\t\t<a class=\"elementor-post__thumbnail__link\" href=\"https:\/\/gabrielaholcer.com\/sk\/vystava-v-halmicaffe-kosice\/\" tabindex=\"-1\"><div class=\"elementor-post__thumbnail\"><img loading=\"lazy\" decoding=\"async\" width=\"768\" height=\"431\" src=\"https:\/\/gabrielaholcer.com\/wp-content\/uploads\/2016\/03\/DSC07496-Small-768x431.jpg\" class=\"attachment-medium_large size-medium_large wp-image-2397\" alt=\"\" srcset=\"https:\/\/gabrielaholcer.com\/wp-content\/uploads\/2016\/03\/DSC07496-Small-768x431.jpg 768w, https:\/\/gabrielaholcer.com\/wp-content\/uploads\/2016\/03\/DSC07496-Small-300x168.jpg 300w, https:\/\/gabrielaholcer.com\/wp-content\/uploads\/2016\/03\/DSC07496-Small-128x72.jpg 128w, https:\/\/gabrielaholcer.com\/wp-content\/uploads\/2016\/03\/DSC07496-Small-228x128.jpg 228w, https:\/\/gabrielaholcer.com\/wp-content\/uploads\/2016\/03\/DSC07496-Small-800x448.jpg 800w, https:\/\/gabrielaholcer.com\/wp-content\/uploads\/2016\/03\/DSC07496-Small-645x362.jpg 645w, https:\/\/gabrielaholcer.com\/wp-content\/uploads\/2016\/03\/DSC07496-Small-560x314.jpg 560w, https:\/\/gabrielaholcer.com\/wp-content\/uploads\/2016\/03\/DSC07496-Small-750x421.jpg 750w, https:\/\/gabrielaholcer.com\/wp-content\/uploads\/2016\/03\/DSC07496-Small-400x224.jpg 400w, https:\/\/gabrielaholcer.com\/wp-content\/uploads\/2016\/03\/DSC07496-Small-720x404.jpg 720w, https:\/\/gabrielaholcer.com\/wp-content\/uploads\/2016\/03\/DSC07496-Small-360x202.jpg 360w, https:\/\/gabrielaholcer.com\/wp-content\/uploads\/2016\/03\/DSC07496-Small-480x269.jpg 480w, https:\/\/gabrielaholcer.com\/wp-content\/uploads\/2016\/03\/DSC07496-Small-840x472.jpg 840w, https:\/\/gabrielaholcer.com\/wp-content\/uploads\/2016\/03\/DSC07496-Small-420x236.jpg 420w, https:\/\/gabrielaholcer.com\/wp-content\/uploads\/2016\/03\/DSC07496-Small.jpg 854w\" sizes=\"(max-width: 768px) 100vw, 768px\" \/><\/div><\/a>\n\t\t\t\t<div class=\"elementor-post__badge\">V\u00fdstavy<\/div>\n\t\t\t\t<div class=\"elementor-post__text\">\n\t\t\t\t<h3 class=\"elementor-post__title\">\n\t\t\t<a href=\"https:\/\/gabrielaholcer.com\/sk\/vystava-v-halmicaffe-kosice\/\">\n\t\t\t\tV\u00fdstava v HalmiCaffe, Ko\u0161ice\t\t\t<\/a>\n\t\t<\/h3>\n\t\t\t\t<div class=\"elementor-post__excerpt\">\n\t\t\t<p>Ke\u010f mi bola pon\u00faknut\u00e1 spolupr\u00e1ca &#8211; v\u00fdstava mojich obrazov na premietan\u00ed filmu Unity (30.1.2016), nevedela<\/p>\n\t\t<\/div>\n\t\t\n\t\t<a class=\"elementor-post__read-more\" href=\"https:\/\/gabrielaholcer.com\/sk\/vystava-v-halmicaffe-kosice\/\" aria-label=\"Read more about V\u00fdstava v HalmiCaffe, Ko\u0161ice\" tabindex=\"-1\">\n\t\t\tRead More \u00bb\t\t<\/a>\n\n\t\t\t\t<\/div>\n\t\t\t\t<div class=\"elementor-post__meta-data\">\n\t\t\t\t\t<span class=\"elementor-post-date\">\n\t\t\t6. marca 2016\t\t<\/span>\n\t\t\t\t<span class=\"elementor-post-avatar\">\n\t\t\tNekomentovan\u00e9\t\t<\/span>\n\t\t\t\t<\/div>\n\t\t\t\t\t<\/div>\n\t\t<\/article>\n\t\t\t\t<article class=\"elementor-post elementor-grid-item post-2337 post type-post status-publish format-standard has-post-thumbnail hentry category-vystavy tag-gabriela-holcer tag-tattoo-show-kosice-2015\" role=\"listitem\">\n\t\t\t<div class=\"elementor-post__card\">\n\t\t\t\t<a class=\"elementor-post__thumbnail__link\" href=\"https:\/\/gabrielaholcer.com\/sk\/tattoo-show-kosice-2015\/\" tabindex=\"-1\"><div class=\"elementor-post__thumbnail\"><img loading=\"lazy\" decoding=\"async\" width=\"768\" height=\"538\" src=\"https:\/\/gabrielaholcer.com\/wp-content\/uploads\/2016\/03\/DSC07254-Medium-768x538.jpg\" class=\"attachment-medium_large size-medium_large wp-image-2389\" alt=\"\" srcset=\"https:\/\/gabrielaholcer.com\/wp-content\/uploads\/2016\/03\/DSC07254-Medium-768x538.jpg 768w, https:\/\/gabrielaholcer.com\/wp-content\/uploads\/2016\/03\/DSC07254-Medium-300x210.jpg 300w, https:\/\/gabrielaholcer.com\/wp-content\/uploads\/2016\/03\/DSC07254-Medium-1024x718.jpg 1024w, https:\/\/gabrielaholcer.com\/wp-content\/uploads\/2016\/03\/DSC07254-Medium-220x154.jpg 220w, https:\/\/gabrielaholcer.com\/wp-content\/uploads\/2016\/03\/DSC07254-Medium-128x90.jpg 128w, https:\/\/gabrielaholcer.com\/wp-content\/uploads\/2016\/03\/DSC07254-Medium-228x160.jpg 228w, https:\/\/gabrielaholcer.com\/wp-content\/uploads\/2016\/03\/DSC07254-Medium-800x560.jpg 800w, https:\/\/gabrielaholcer.com\/wp-content\/uploads\/2016\/03\/DSC07254-Medium-1000x701.jpg 1000w, https:\/\/gabrielaholcer.com\/wp-content\/uploads\/2016\/03\/DSC07254-Medium-645x452.jpg 645w, https:\/\/gabrielaholcer.com\/wp-content\/uploads\/2016\/03\/DSC07254-Medium-560x392.jpg 560w, https:\/\/gabrielaholcer.com\/wp-content\/uploads\/2016\/03\/DSC07254-Medium-750x526.jpg 750w, https:\/\/gabrielaholcer.com\/wp-content\/uploads\/2016\/03\/DSC07254-Medium-400x280.jpg 400w, https:\/\/gabrielaholcer.com\/wp-content\/uploads\/2016\/03\/DSC07254-Medium-720x504.jpg 720w, https:\/\/gabrielaholcer.com\/wp-content\/uploads\/2016\/03\/DSC07254-Medium-360x252.jpg 360w, https:\/\/gabrielaholcer.com\/wp-content\/uploads\/2016\/03\/DSC07254-Medium-960x672.jpg 960w, https:\/\/gabrielaholcer.com\/wp-content\/uploads\/2016\/03\/DSC07254-Medium-480x336.jpg 480w, https:\/\/gabrielaholcer.com\/wp-content\/uploads\/2016\/03\/DSC07254-Medium-840x588.jpg 840w, https:\/\/gabrielaholcer.com\/wp-content\/uploads\/2016\/03\/DSC07254-Medium-420x294.jpg 420w, https:\/\/gabrielaholcer.com\/wp-content\/uploads\/2016\/03\/DSC07254-Medium.jpg 1096w\" sizes=\"(max-width: 768px) 100vw, 768px\" \/><\/div><\/a>\n\t\t\t\t<div class=\"elementor-post__badge\">V\u00fdstavy<\/div>\n\t\t\t\t<div class=\"elementor-post__text\">\n\t\t\t\t<h3 class=\"elementor-post__title\">\n\t\t\t<a href=\"https:\/\/gabrielaholcer.com\/sk\/tattoo-show-kosice-2015\/\">\n\t\t\t\tTattoo show Ko\u0161ice, 2015\t\t\t<\/a>\n\t\t<\/h3>\n\t\t\t\t<div class=\"elementor-post__excerpt\">\n\t\t\t\t\t<\/div>\n\t\t\n\t\t<a class=\"elementor-post__read-more\" href=\"https:\/\/gabrielaholcer.com\/sk\/tattoo-show-kosice-2015\/\" aria-label=\"Read more about Tattoo show Ko\u0161ice, 2015\" tabindex=\"-1\">\n\t\t\tRead More \u00bb\t\t<\/a>\n\n\t\t\t\t<\/div>\n\t\t\t\t<div class=\"elementor-post__meta-data\">\n\t\t\t\t\t<span class=\"elementor-post-date\">\n\t\t\t6. febru\u00e1ra 2016\t\t<\/span>\n\t\t\t\t<span class=\"elementor-post-avatar\">\n\t\t\tNekomentovan\u00e9\t\t<\/span>\n\t\t\t\t<\/div>\n\t\t\t\t\t<\/div>\n\t\t<\/article>\n\t\t\t\t<\/div>\n\t\t\n\t\t\t\t\t\t<\/div>\n\t\t\t\t<\/div>\n\t\t\t\t<\/div>\n\t\t<div class=\"elementor-element elementor-element-2e7504a e-con-full e-flex e-con e-child\" data-id=\"2e7504a\" data-element_type=\"container\" data-e-type=\"container\">\n\t\t\t\t<div class=\"elementor-element elementor-element-6ebb0d4 elementor-widget elementor-widget-sidebar\" data-id=\"6ebb0d4\" data-element_type=\"widget\" data-e-type=\"widget\" data-widget_type=\"sidebar.default\">\n\t\t\t\t<div class=\"elementor-widget-container\">\n\t\t\t\t\t<section id=\"block-4\" class=\"widget widget_block\"><div class=\"ml-embedded\" data-form=\"0R1h4f\"><\/div>\n<\/section><section id=\"custom_html-2\" class=\"widget_text widget widget_custom_html\"><h2 class=\"widget-title\">Moje produkty na ETSY<\/h2><div class=\"textwidget custom-html-widget\"><script type='text\/javascript' src='https:\/\/www.etsy.com\/assets\/js\/etsy_mini_shop.js'><\/script><script type='text\/javascript'>new Etsy.Mini(14021557,'thumbnail',3,2,1,'https:\/\/www.etsy.com');<\/script><\/div><\/section>\t\t\t\t<\/div>\n\t\t\t\t<\/div>\n\t\t\t\t<\/div>\n\t\t\t\t<\/div>\n\t\t\t\t<\/div>\n\t\t","protected":false},"excerpt":{"rendered":"<p>Blog<\/p>\n","protected":false},"author":1,"featured_media":2385,"parent":0,"menu_order":0,"comment_status":"closed","ping_status":"closed","template":"","meta":{"_acf_changed":false,"_kad_post_transparent":"","_kad_post_title":"hide","_kad_post_layout":"fullwidth","_kad_post_sidebar_id":"","_kad_post_content_style":"unboxed","_kad_post_vertical_padding":"hide","_kad_post_feature":"hide","_kad_post_feature_position":"","_kad_post_header":false,"_kad_post_footer":false,"_kad_post_classname":"","footnotes":""},"class_list":["post-3113","page","type-page","status-publish","has-post-thumbnail","hentry"],"acf":[],"_links":{"self":[{"href":"https:\/\/gabrielaholcer.com\/sk\/wp-json\/wp\/v2\/pages\/3113","targetHints":{"allow":["GET"]}}],"collection":[{"href":"https:\/\/gabrielaholcer.com\/sk\/wp-json\/wp\/v2\/pages"}],"about":[{"href":"https:\/\/gabrielaholcer.com\/sk\/wp-json\/wp\/v2\/types\/page"}],"author":[{"embeddable":true,"href":"https:\/\/gabrielaholcer.com\/sk\/wp-json\/wp\/v2\/users\/1"}],"replies":[{"embeddable":true,"href":"https:\/\/gabrielaholcer.com\/sk\/wp-json\/wp\/v2\/comments?post=3113"}],"version-history":[{"count":3,"href":"https:\/\/gabrielaholcer.com\/sk\/wp-json\/wp\/v2\/pages\/3113\/revisions"}],"predecessor-version":[{"id":8682,"href":"https:\/\/gabrielaholcer.com\/sk\/wp-json\/wp\/v2\/pages\/3113\/revisions\/8682"}],"wp:featuredmedia":[{"embeddable":true,"href":"https:\/\/gabrielaholcer.com\/sk\/wp-json\/wp\/v2\/media\/2385"}],"wp:attachment":[{"href":"https:\/\/gabrielaholcer.com\/sk\/wp-json\/wp\/v2\/media?parent=3113"}],"curies":[{"name":"wp","href":"https:\/\/api.w.org\/{rel}","templated":true}]}}