{"id":4869,"date":"2022-04-01T17:31:32","date_gmt":"2022-04-01T15:31:32","guid":{"rendered":"https:\/\/gabrielaholcer.com\/?page_id=4869"},"modified":"2022-04-01T18:38:56","modified_gmt":"2022-04-01T16:38:56","slug":"ochrana-sukromia","status":"publish","type":"page","link":"https:\/\/gabrielaholcer.com\/sk\/ochrana-sukromia\/","title":{"rendered":"Podmienky spracovania osobn\u00fdch \u00fadajov"},"content":{"rendered":"\n<p>V s\u00falade s Nariaden\u00edm Eur\u00f3pskeho Parlamentu a Rady (E\u00da) 2016\/679 o ochrane fyzick\u00fdch os\u00f4b pri sprac\u00favan\u00ed osobn\u00fdch \u00fadajov a o vo\u013enom pohybe tak\u00fdchto \u00fadajov, ktor\u00fdm sa zru\u0161uje smernica 95\/46\/ES (\u010falej len \u201eNariadenie GDPR\u201c) si pln\u00edme svoju informa\u010dn\u00fa povinnos\u0165 vo\u010di dotknut\u00fdm osob\u00e1m nasledovne:<\/p>\n\n\n\n<h3 class=\"wp-block-heading\"><strong>1. Kto sme<\/strong> <em>(\u010falej len &#8222;poskytovate\u013e&#8220;)<\/em><\/h3>\n\n\n\n<p><strong>ARTbubble s.r.o.<\/strong><br>Mudro\u0148ova 622\/21<br>040 01 Ko\u0161ice &#8211; mestsk\u00e1 \u010das\u0165 Juh<br>I\u010cO 51842611<br>DI\u010c: 2120807777<br><\/p>\n\n\n\n<p>www.gabrielaholcer.com<\/p>\n\n\n\n<h3 class=\"wp-block-heading\"><strong>2. Kontaktn\u00e9 inform\u00e1cie oh\u013eadom osobn\u00fdch \u00fadajov:<\/strong><\/h3>\n\n\n\n<p>info@gabrielaholcer.com<\/p>\n\n\n\n<h3 class=\"wp-block-heading\"><strong>3. Ak\u00e9 osobn\u00e9 \u00fadaje uchov\u00e1vame a pre\u010do<\/strong><\/h3>\n\n\n\n<ol class=\"wp-block-list\"><li>Poskytovate\u013e sa zav\u00e4zuje sprac\u00fava\u0165 osobn\u00e9 \u00fadaje len pre \u00fa\u010dely poskytovania Slu\u017eieb.<\/li><li>Poskytovate\u013e sprac\u00fava osobn\u00e9 \u00fadaje po cel\u00fa dobu platnosti a \u00fa\u010dinnosti Zmluvy medzi n\u00edm a U\u017e\u00edvate\u013eom.<\/li><li>Dotknut\u00fdmi osobami s\u00fa z\u00e1kazn\u00edci poskytovate\u013ea, n\u00e1v\u0161tevn\u00edci tejto webstr\u00e1nky &#8211; <strong>u\u017e\u00edvatelia<\/strong>.<\/li><\/ol>\n\n\n\n<p>Sprac\u00favame tieto kontaktn\u00e9 \u00fadaje potrebn\u00e9 k uzavretiu zmluvy a komunik\u00e1cii, k zabezpe\u010deniu webstr\u00e1nky proti neopr\u00e1vnen\u00e9mu pou\u017e\u00edvaniu..<\/p>\n\n\n\n<ul class=\"wp-block-list\"><li><strong>Meno<\/strong> nie je povinn\u00fd \u00fadaj &#8211; m\u00f4\u017ee sa pou\u017ei\u0165 aj prez\u00fdvka<\/li><li><strong>e-mailov\u00e1 adresa<\/strong> <em>(na \u00fa\u010dely komunik\u00e1cie so z\u00e1kazn\u00edkom)<\/em><\/li><li><strong>meno a priezvisko, n\u00e1zov firmy, faktura\u010dn\u00e1 adresa, \u010d\u00edslo bankov\u00e9ho \u00fa\u010dtu, I\u010cO, DI\u010c, I\u010c DPH<\/strong> <em>(na \u00fa\u010dely faktur\u00e1cie)<\/em><\/li><li><strong>IP adresa<\/strong> &#8211; anonymne pre zabezpe\u010denie webstr\u00e1nky proti hackerom a neopr\u00e1vnen\u00e9mu pr\u00edstupu a teda ochranu d\u00e1t n\u00e1v\u0161tevn\u00edkov. Nutn\u00e9 nastavenie pre bezpe\u010dn\u00e9 fungovanie webstr\u00e1nky a ochranu jej n\u00e1v\u0161tevn\u00edkov pred hackermi. IP adresa sa zaloguje bez \u010fal\u0161\u00edch \u00fadajov, ktor\u00e9 by sp\u00e1jali n\u00e1v\u0161tevn\u00edka s \u0148ou.&nbsp;D\u00f4vodom je porovn\u00e1vanie IP adresy n\u00e1v\u0161tevn\u00edka s verejn\u00fdm zoznamom IP adries zn\u00e1mych spam serverov a hackerov.<\/li><\/ul>\n\n\n\n<h3 class=\"wp-block-heading\">4. Kde uchov\u00e1vame \u00fadaje \/ Prenos do tretej krajiny alebo medzin\u00e1rodnej organiz\u00e1cie:<\/h3>\n\n\n\n<p>Nasleduj\u00face \u00fadaje dotknutej osoby (n\u00e1v\u0161tevn\u00edkov a u\u017e\u00edvate\u013eov tejto webstr\u00e1nky), na\u0161ich klientov s\u00fa zdie\u013ean\u00e9 z t\u00fdmito organiz\u00e1ciami:<\/p>\n\n\n\n<ul class=\"wp-block-list\"><li><a href=\"https:\/\/www.wordfence.com\/help\/general-data-protection-regulation\/\" target=\"_blank\" rel=\"noreferrer noopener\"><strong>Wordfence<\/strong> (spolo\u010dnos\u0165 <strong>Defiant<\/strong>)<\/a>\u00a0&#8211; anonymne za \u00fa\u010delom zabezpe\u010denia webstr\u00e1nky proti neopr\u00e1vnen\u00e9mu pou\u017eitiu a hackerom<\/li><\/ul>\n\n\n\n<h3 class=\"wp-block-heading\">Kde uchov\u00e1vame osobn\u00e9 \u00fadaje<\/h3>\n\n\n\n<h4 class=\"wp-block-heading\">Webhosting<\/h4>\n\n\n\n<p>Web str\u00e1nky poskytovate\u013ea, ako aj vy\u0161\u0161ie spomenut\u00e9 osobn\u00e9 \u00fadaje s\u00fa ulo\u017een\u00e9 na serveroch spolo\u010dnosti WebSupport, s.r.o. sa nach\u00e1dzaj\u00fa v Eur\u00f3pskej \u00fanii (na Slovensku a v \u010cech\u00e1ch).<\/p>\n\n\n\n<h4 class=\"wp-block-heading\">Emailov\u00e9 slu\u017eby<\/h4>\n\n\n\n<p>Komunik\u00e1cia medzi poskytovate\u013eom a klientmi (ktor\u00ed vyplnili a poslali kontaktn\u00fd formul\u00e1r) je ulo\u017een\u00e1 na serveroch Websupport, s.r.o.<\/p>\n\n\n\n<h3 class=\"wp-block-heading\"><strong>5. Vlo\u017een\u00fd obsah z in\u00fdch webov\u00fdch str\u00e1nok<\/strong><\/h3>\n\n\n\n<p>Pre \u00fa\u010dely podpory klientov s\u00fa na niektor\u00fdch str\u00e1nkach tohto webu vlo\u017een\u00e9 in\u0161trukt\u00e1\u017ene vide\u00e1 z YouTube. Spolo\u010dnos\u0165 Google v niektor\u00fdch pr\u00edpadoch m\u00f4\u017ee zbiera\u0165 anonymn\u00e9 \u0161tatistiky zobrazenia t\u00fdchto vide\u00ed a nasledovn\u00e9 \u00fadaje:<\/p>\n\n\n\n<ul class=\"wp-block-list\"><li>IP adresa<\/li><li>Typ internetov\u00e9ho prehliada\u010da<\/li><li>Typ zariadenia (mobil, po\u010d\u00edta\u010d)<\/li><\/ul>\n\n\n\n<hr class=\"wp-block-separator\"\/>\n\n\n\n<h3 class=\"wp-block-heading\"><strong>6. S\u00fabory Cookies<\/strong><\/h3>\n\n\n\n<h5 class=\"wp-block-heading\">\u010co s\u00fa s\u00fabory cookies<\/h5>\n\n\n\n<p>Cookies s\u00fa mal\u00e9 textov\u00e9 s\u00fabory, ktor\u00e9 m\u00f4\u017eu by\u0165 pou\u017eit\u00e9 webov\u00fdmi str\u00e1nkami, aby zefekt\u00edvnili u\u017e\u00edvate\u013eovu sk\u00fasenos\u0165.<\/p>\n\n\n\n<p>Z\u00e1kon hovor\u00ed, \u017ee m\u00f4\u017eeme uklada\u0165 s\u00fabory cookie na va\u0161om zariaden\u00ed, ak s\u00fa nevyhnutn\u00e9 pre prev\u00e1dzku t\u00fdchto str\u00e1nok. Pri v\u0161etk\u00fdch ostatn\u00fdch typoch s\u00faborov cookie potrebujeme v\u00e1\u0161 s\u00fahlas.<\/p>\n\n\n\n<p>T\u00e1to str\u00e1nka pou\u017e\u00edva r\u00f4zne typy cookies. <\/p>\n\n\n\n<h5 class=\"wp-block-heading\">Typy s\u00faborov cookies<\/h5>\n\n\n\n<p><strong>Nevyhnutn\u00e9<\/strong> s\u00fabory cookies, ktor\u00e9 pom\u00e1haj\u00fa vytv\u00e1ra\u0165 pou\u017eite\u013en\u00e9 webov\u00e9 str\u00e1nky tak, \u017ee umo\u017e\u0148uj\u00fa z\u00e1kladn\u00e9 funkcie, ako je navig\u00e1cia str\u00e1nky a pr\u00edstup k chr\u00e1nen\u00fdm oblastiam webov\u00fdch str\u00e1nok. Webov\u00e9 str\u00e1nky nem\u00f4\u017eu riadne fungova\u0165 bez t\u00fdchto s\u00faborov cookies.<\/p>\n\n\n\n<p><strong>Preferen\u010dn\u00e9<\/strong> s\u00fabory cookies umo\u017e\u0148uj\u00fa internetovej str\u00e1nke zapam\u00e4ta\u0165 si inform\u00e1cie, ktor\u00e9 zmenia sp\u00f4sob, ak\u00fdm sa webov\u00e1 str\u00e1nka chov\u00e1 alebo vyzer\u00e1, ako napr. v\u00e1\u0161 preferovan\u00fd jazyk alebo regi\u00f3n, v ktorom sa pr\u00e1ve nach\u00e1dzate.<\/p>\n\n\n\n<p>Tu patria:<\/p>\n\n\n\n<ul class=\"wp-block-list\"><li><em>wp_lang, wp_wpml<\/em> &#8211; sl\u00fa\u017eia na ulo\u017eenie zvolen\u00e9ho jazyka pre \u010fal\u0161iu n\u00e1v\u0161tevu<\/li><\/ul>\n\n\n\n<p><strong>Marketingov\u00e9<\/strong> s\u00fabory cookies sa pou\u017e\u00edvaj\u00fa na sledovanie n\u00e1v\u0161tevn\u00edkov na webov\u00fdch str\u00e1nkach. Z\u00e1merom je zobrazova\u0165 reklamy, ktor\u00e9 s\u00fa relevantn\u00e9 a p\u00fatav\u00e9 pre jednotliv\u00fdch u\u017e\u00edvate\u013eov, a t\u00fdm cennej\u0161ie pre vydavate\u013eov a inzerentov tret\u00edch str\u00e1n.<\/p>\n\n\n\n<p>Tu patria:<\/p>\n\n\n\n<ul class=\"wp-block-list\"><li><em>moment\u00e1lne sa nevyu\u017e\u00edvaj\u00fa \u017eiadne<\/em><\/li><\/ul>\n\n\n\n<p><strong>Nezaraden\u00e9<\/strong> s\u00fabory cookies s\u00fa cookies, ktor\u00e9 pr\u00e1ve zara\u010fujeme, spolo\u010dne s poskytovate\u013emi jednotliv\u00fdch s\u00faborov cookies.<\/p>\n\n\n\n<hr class=\"wp-block-separator\"\/>\n\n\n\n<h3 class=\"wp-block-heading\">7. Spracovanie osobn\u00fdch \u00fadajov<\/h3>\n\n\n\n<h4 class=\"wp-block-heading\"><strong>Poskytovanie osobn\u00fdch \u00fadajov:<\/strong><\/h4>\n\n\n\n<p>Osobn\u00e9 \u00fadaje n\u00e1m poskytujete dobrovo\u013ene za \u00fa\u010delom \u010fal\u0161ej komunik\u00e1cie s nami a za \u00fa\u010delom splnenia povinnost\u00ed vypl\u00fdvaj\u00facich zo zmluvy a z\u00e1konn\u00fdch po\u017eiadaviek na ich uzatv\u00e1ranie.<\/p>\n\n\n\n<h4 class=\"wp-block-heading\"><strong>Zverejnenie \u00fadajov:<\/strong><\/h4>\n\n\n\n<p>Poskytnut\u00e9 osobn\u00e9 \u00fadaje zverej\u0148ujeme v\u00fdlu\u010dne pre naplnenie legislat\u00edvnych po\u017eiadaviek pre uztv\u00e1ranie zml\u00fav a plnenie po\u017eiadaviek da\u0148ov\u00fdch a \u00fa\u010dtovn\u00fdch predpisov.<\/p>\n\n\n\n<h4 class=\"wp-block-heading\"><strong>Pr\u00e1vny z\u00e1klad spracovania:<\/strong><\/h4>\n\n\n\n<p>Zmluva alebo S\u00fahlas dotknutej osoby so sprac\u00favan\u00edm svojich osobn\u00fdch \u00fadajov.<\/p>\n\n\n\n<h3 class=\"wp-block-heading\"><strong>8. Doba uchov\u00e1vania osobn\u00fdch \u00fadajov:<\/strong><\/h3>\n\n\n\n<p>Hist\u00f3ria kontaktn\u00e9ho formul\u00e1ra a \u00fadajov z nej &#8211; doba uchov\u00e1vania \u00faajov: 2 roky<\/p>\n\n\n\n<p>Faktura\u010dn\u00e9 \u00fadaje &#8211;&nbsp;po dobu trvania posledn\u00e9ho zmluvn\u00e9ho vz\u0165ahu s nami a platnosti n\u00e1rokov z neho. Po dobu stanoven\u00fa z\u00e1konom&nbsp;pre plnenie po\u017eiadaviek da\u0148ov\u00fdch a \u00fa\u010dtovn\u00fdch predpisov.<\/p>\n\n\n\n<h3 class=\"wp-block-heading\"><strong>9. Sp\u00f4sob ochrany osobn\u00fdch \u00fadajov:<\/strong><\/h3>\n\n\n\n<p>Zachov\u00e1vame administrat\u00edvne, technick\u00e9 a fyzick\u00e9 bezpe\u010dnostn\u00e9 opatrenia ur\u010den\u00e9 na ochranu va\u0161ich osobn\u00fdch \u00fadajov pred n\u00e1hodn\u00fdm, nez\u00e1konn\u00fdm alebo neopr\u00e1vnen\u00fdm zni\u010den\u00edm, stratou, \u00fapravou, pr\u00edstupom, zverejnen\u00edm alebo pou\u017eit\u00edm. Tieto opatrenia m\u00f4\u017eu by\u0165 pod\u013ea potreby upraven\u00e9 vyu\u017eit\u00edm nov\u00fdch dostupn\u00fdch technol\u00f3gi\u00ed.<\/p>\n\n\n\n<h3 class=\"wp-block-heading\"><strong>10. Pr\u00e1va dotknutej osoby:<\/strong><\/h3>\n\n\n\n<p>Pr\u00e1vo po\u017eadova\u0165 pr\u00edstup k osobn\u00fdm \u00fadajom, ktor\u00e9 sa jej t\u00fdkaj\u00fa, pr\u00e1vo na opravu osobn\u00fdch \u00fadajov, pr\u00e1vo na vymazanie a\/alebo obmedzenie sprac\u00favania osobn\u00fdch \u00fadajov, pr\u00e1vo na prenosite\u013enos\u0165 osobn\u00fdch \u00fadajov, pr\u00e1vo poda\u0165 s\u0165a\u017enos\u0165 na sprac\u00favanie osobn\u00fdch \u00fadajov org\u00e1nu dozoru &#8211; \u00daradu na ochranu osobn\u00fdch \u00fadajov Slovenskej republiky ako aj pr\u00e1vo kedyko\u013evek svoj s\u00fahlas so spracovan\u00edm osobn\u00fdch \u00fadajov odvola\u0165 bez toho, aby to malo vplyv na z\u00e1konnos\u0165 sprac\u00favania zalo\u017een\u00e9ho na s\u00fahlase udelenom pred jeho odvolan\u00edm; pre vyl\u00fa\u010denie ak\u00fdchko\u013evek pochybnost\u00ed plat\u00ed, \u017ee uveden\u00e9 pr\u00e1va je dotknut\u00e1 osoba opr\u00e1vnen\u00e1 uplatni\u0165 v pr\u00edpade ak jej uplatnenie tak\u00e9hoto pr\u00e1va umo\u017e\u0148uje Nariadenie GDPR, resp. z\u00e1kon \u010d. 18\/2018 Z. z. o ochrane osobn\u00fdch \u00fadajov a o zmene a doplnen\u00ed niektor\u00fdch z\u00e1konov a vykonanie konkr\u00e9tneho pr\u00e1va je u spolo\u010dn\u00fdch prev\u00e1dzkovate\u013eov technicky mo\u017en\u00e9.<\/p>\n\n\n\n<p>Dotknut\u00e9 osoby m\u00f4\u017eu kontaktova\u0165&nbsp;info@gabrielaholcer.com oh\u013eadom pr\u00edstupu a zmazaniu osobn\u00fdch \u00fadajov.<\/p>\n","protected":false},"excerpt":{"rendered":"<p>V s\u00falade s Nariaden\u00edm Eur\u00f3pskeho Parlamentu a Rady (E\u00da) 2016\/679 o ochrane fyzick\u00fdch os\u00f4b pri sprac\u00favan\u00ed osobn\u00fdch \u00fadajov a o vo\u013enom pohybe tak\u00fdchto \u00fadajov, ktor\u00fdm sa zru\u0161uje smernica 95\/46\/ES (\u010falej len \u201eNariadenie GDPR\u201c) si pln\u00edme svoju informa\u010dn\u00fa povinnos\u0165 vo\u010di dotknut\u00fdm osob\u00e1m nasledovne: 1. Kto sme (\u010falej len &#8222;poskytovate\u013e&#8220;) ARTbubble s.r.o.Mudro\u0148ova 622\/21040 01 Ko\u0161ice &#8211; mestsk\u00e1&#8230;<\/p>\n","protected":false},"author":1,"featured_media":0,"parent":0,"menu_order":0,"comment_status":"closed","ping_status":"closed","template":"","meta":{"_acf_changed":false,"_kad_post_transparent":"","_kad_post_title":"","_kad_post_layout":"","_kad_post_sidebar_id":"","_kad_post_content_style":"","_kad_post_vertical_padding":"","_kad_post_feature":"","_kad_post_feature_position":"","_kad_post_header":false,"_kad_post_footer":false,"_kad_post_classname":"","footnotes":""},"class_list":["post-4869","page","type-page","status-publish","hentry"],"acf":[],"_links":{"self":[{"href":"https:\/\/gabrielaholcer.com\/sk\/wp-json\/wp\/v2\/pages\/4869","targetHints":{"allow":["GET"]}}],"collection":[{"href":"https:\/\/gabrielaholcer.com\/sk\/wp-json\/wp\/v2\/pages"}],"about":[{"href":"https:\/\/gabrielaholcer.com\/sk\/wp-json\/wp\/v2\/types\/page"}],"author":[{"embeddable":true,"href":"https:\/\/gabrielaholcer.com\/sk\/wp-json\/wp\/v2\/users\/1"}],"replies":[{"embeddable":true,"href":"https:\/\/gabrielaholcer.com\/sk\/wp-json\/wp\/v2\/comments?post=4869"}],"version-history":[{"count":3,"href":"https:\/\/gabrielaholcer.com\/sk\/wp-json\/wp\/v2\/pages\/4869\/revisions"}],"predecessor-version":[{"id":4879,"href":"https:\/\/gabrielaholcer.com\/sk\/wp-json\/wp\/v2\/pages\/4869\/revisions\/4879"}],"wp:attachment":[{"href":"https:\/\/gabrielaholcer.com\/sk\/wp-json\/wp\/v2\/media?parent=4869"}],"curies":[{"name":"wp","href":"https:\/\/api.w.org\/{rel}","templated":true}]}}